{"id":775,"date":"2023-11-21T01:19:40","date_gmt":"2023-11-21T01:19:40","guid":{"rendered":"https:\/\/chamdalat.vn\/?page_id=775"},"modified":"2025-06-17T14:43:21","modified_gmt":"2025-06-17T07:43:21","slug":"tuyen-dung","status":"publish","type":"page","link":"https:\/\/chamdalat.vn\/en\/tuyen-dung\/","title":{"rendered":"Tuy\u1ec3n d\u1ee5ng"},"content":{"rendered":"<div data-elementor-type=\"wp-page\" data-elementor-id=\"775\" class=\"elementor elementor-775\" data-elementor-post-type=\"page\">\n\t\t\t\t<div class=\"elementor-element elementor-element-f2bc675 e-flex e-con-boxed e-con e-parent\" data-id=\"f2bc675\" data-element_type=\"container\" data-e-type=\"container\">\n\t\t\t\t\t<div class=\"e-con-inner\">\n\t\t<div class=\"elementor-element elementor-element-863717e e-con-full e-flex e-con e-child\" data-id=\"863717e\" data-element_type=\"container\" data-e-type=\"container\">\n\t\t\t\t<div class=\"elementor-element elementor-element-7ea0e4c elementor-widget elementor-widget-image\" data-id=\"7ea0e4c\" data-element_type=\"widget\" data-e-type=\"widget\" data-widget_type=\"image.default\">\n\t\t\t\t<div class=\"elementor-widget-container\">\n\t\t\t\t\t\t\t\t\t\t\t\t\t\t\t<img fetchpriority=\"high\" decoding=\"async\" width=\"2048\" height=\"1340\" src=\"https:\/\/chamdalat.vn\/wp-content\/uploads\/2023\/12\/tuyen-dung.jpg\" class=\"attachment-full size-full wp-image-1317\" alt=\"\" srcset=\"https:\/\/chamdalat.vn\/wp-content\/uploads\/2023\/12\/tuyen-dung.jpg 2048w, https:\/\/chamdalat.vn\/wp-content\/uploads\/2023\/12\/tuyen-dung-300x196.jpg 300w, https:\/\/chamdalat.vn\/wp-content\/uploads\/2023\/12\/tuyen-dung-1024x670.jpg 1024w, https:\/\/chamdalat.vn\/wp-content\/uploads\/2023\/12\/tuyen-dung-768x503.jpg 768w, https:\/\/chamdalat.vn\/wp-content\/uploads\/2023\/12\/tuyen-dung-1536x1005.jpg 1536w\" sizes=\"(max-width: 2048px) 100vw, 2048px\">\t\t\t\t\t\t\t\t\t\t\t\t\t\t\t<\/div>\n\t\t\t\t<\/div>\n\t\t<div class=\"elementor-element elementor-element-dea05c2 e-flex e-con-boxed e-con e-child\" data-id=\"dea05c2\" data-element_type=\"container\" data-e-type=\"container\" data-settings=\"{&quot;background_background&quot;:&quot;classic&quot;}\">\n\t\t\t\t\t<div class=\"e-con-inner\">\n\t\t\t\t<div class=\"elementor-element elementor-element-9ac46fe elementor-widget elementor-widget-heading\" data-id=\"9ac46fe\" data-element_type=\"widget\" data-e-type=\"widget\" data-widget_type=\"heading.default\">\n\t\t\t\t<div class=\"elementor-widget-container\">\n\t\t\t\t\t<h2 class=\"elementor-heading-title elementor-size-default\">Kh\u1ed1i c\u1eeda h\u00e0ng<\/h2>\t\t\t\t<\/div>\n\t\t\t\t<\/div>\n\t\t\t\t<div class=\"elementor-element elementor-element-5ad4f55 elementor-icon-list--layout-traditional elementor-list-item-link-full_width elementor-widget elementor-widget-icon-list\" data-id=\"5ad4f55\" data-element_type=\"widget\" data-e-type=\"widget\" data-widget_type=\"icon-list.default\">\n\t\t\t\t<div class=\"elementor-widget-container\">\n\t\t\t\t\t\t\t<ul class=\"elementor-icon-list-items\">\n\t\t\t\t\t\t\t<li class=\"elementor-icon-list-item\">\n\t\t\t\t\t\t\t\t\t\t\t<a href=\"https:\/\/chamdalat.vn\/en\/tuyen-dung-nhan-vien-phuc-vu\/\">\n\n\t\t\t\t\t\t\t\t\t\t\t\t<span class=\"elementor-icon-list-icon\">\n\t\t\t\t\t\t\t<svg aria-hidden=\"true\" class=\"e-font-icon-svg e-fas-circle\" viewbox=\"0 0 512 512\" xmlns=\"http:\/\/www.w3.org\/2000\/svg\"><path d=\"M256 8C119 8 8 119 8 256s111 248 248 248 248-111 248-248S393 8 256 8z\"><\/path><\/svg>\t\t\t\t\t\t<\/span>\n\t\t\t\t\t\t\t\t\t\t<span class=\"elementor-icon-list-text\">Qu\u1ea3n l\u00fd c\u1eeda h\u00e0ng<\/span>\n\t\t\t\t\t\t\t\t\t\t\t<\/a>\n\t\t\t\t\t\t\t\t\t<\/li>\n\t\t\t\t\t\t<\/ul>\n\t\t\t\t\t\t<\/div>\n\t\t\t\t<\/div>\n\t\t\t\t<div class=\"elementor-element elementor-element-5da94af elementor-icon-list--layout-traditional elementor-list-item-link-full_width elementor-widget elementor-widget-icon-list\" data-id=\"5da94af\" data-element_type=\"widget\" data-e-type=\"widget\" data-widget_type=\"icon-list.default\">\n\t\t\t\t<div class=\"elementor-widget-container\">\n\t\t\t\t\t\t\t<ul class=\"elementor-icon-list-items\">\n\t\t\t\t\t\t\t<li class=\"elementor-icon-list-item\">\n\t\t\t\t\t\t\t\t\t\t\t<a href=\"https:\/\/chamdalat.vn\/en\/tuyen-dung-nhan-vien-phuc-vu\/\">\n\n\t\t\t\t\t\t\t\t\t\t\t\t<span class=\"elementor-icon-list-icon\">\n\t\t\t\t\t\t\t<svg aria-hidden=\"true\" class=\"e-font-icon-svg e-fas-circle\" viewbox=\"0 0 512 512\" xmlns=\"http:\/\/www.w3.org\/2000\/svg\"><path d=\"M256 8C119 8 8 119 8 256s111 248 248 248 248-111 248-248S393 8 256 8z\"><\/path><\/svg>\t\t\t\t\t\t<\/span>\n\t\t\t\t\t\t\t\t\t\t<span class=\"elementor-icon-list-text\">Nh\u00e2n vi\u00ean Part-time\/Full-time\/Captain<\/span>\n\t\t\t\t\t\t\t\t\t\t\t<\/a>\n\t\t\t\t\t\t\t\t\t<\/li>\n\t\t\t\t\t\t<\/ul>\n\t\t\t\t\t\t<\/div>\n\t\t\t\t<\/div>\n\t\t\t\t<div class=\"elementor-element elementor-element-d0f0f28 elementor-align-center elementor-widget elementor-widget-button\" data-id=\"d0f0f28\" data-element_type=\"widget\" data-e-type=\"widget\" data-widget_type=\"button.default\">\n\t\t\t\t<div class=\"elementor-widget-container\">\n\t\t\t\t\t\t\t\t\t<div class=\"elementor-button-wrapper\">\n\t\t\t\t\t<a class=\"elementor-button elementor-button-link elementor-size-sm\" href=\"https:\/\/chamdalat.vn\/en\/tuyen-dung-khoi-nha-hang\/\" rel=\"nofollow\">\n\t\t\t\t\t\t<span class=\"elementor-button-content-wrapper\">\n\t\t\t\t\t\t\t\t\t<span class=\"elementor-button-text\">\u0110\u0103ng k\u00fd ngay<\/span>\n\t\t\t\t\t<\/span>\n\t\t\t\t\t<\/a>\n\t\t\t\t<\/div>\n\t\t\t\t\t\t\t\t<\/div>\n\t\t\t\t<\/div>\n\t\t\t\t\t<\/div>\n\t\t\t\t<\/div>\n\t\t\t\t<\/div>\n\t\t\t\t\t<\/div>\n\t\t\t\t<\/div>\n\t\t\t\t<\/div>","protected":false},"excerpt":{"rendered":"<p>Kh\u1ed1i c\u1eeda h\u00e0ng Qu\u1ea3n l\u00fd c\u1eeda h\u00e0ng Nh\u00e2n vi\u00ean Part-time\/Full-time\/Captain \u0110\u0103ng k\u00fd ngay<\/p>","protected":false},"author":1,"featured_media":0,"parent":0,"menu_order":0,"comment_status":"closed","ping_status":"closed","template":"","meta":{"_acf_changed":false,"footnotes":""},"class_list":["post-775","page","type-page","status-publish","hentry"],"acf":[],"_links":{"self":[{"href":"https:\/\/chamdalat.vn\/en\/wp-json\/wp\/v2\/pages\/775","targetHints":{"allow":["GET"]}}],"collection":[{"href":"https:\/\/chamdalat.vn\/en\/wp-json\/wp\/v2\/pages"}],"about":[{"href":"https:\/\/chamdalat.vn\/en\/wp-json\/wp\/v2\/types\/page"}],"author":[{"embeddable":true,"href":"https:\/\/chamdalat.vn\/en\/wp-json\/wp\/v2\/users\/1"}],"replies":[{"embeddable":true,"href":"https:\/\/chamdalat.vn\/en\/wp-json\/wp\/v2\/comments?post=775"}],"version-history":[{"count":79,"href":"https:\/\/chamdalat.vn\/en\/wp-json\/wp\/v2\/pages\/775\/revisions"}],"predecessor-version":[{"id":2601,"href":"https:\/\/chamdalat.vn\/en\/wp-json\/wp\/v2\/pages\/775\/revisions\/2601"}],"wp:attachment":[{"href":"https:\/\/chamdalat.vn\/en\/wp-json\/wp\/v2\/media?parent=775"}],"curies":[{"name":"wp","href":"https:\/\/api.w.org\/{rel}","templated":true}]}}