{"id":571,"date":"2023-11-12T03:47:20","date_gmt":"2023-11-12T03:47:20","guid":{"rendered":"https:\/\/chamdalat.vn\/?page_id=571"},"modified":"2023-11-12T03:47:20","modified_gmt":"2023-11-12T03:47:20","slug":"chinh-sach-bao-mat","status":"publish","type":"page","link":"https:\/\/chamdalat.vn\/en\/chinh-sach-bao-mat\/","title":{"rendered":"Ch\u00ednh s\u00e1ch b\u1ea3o m\u1eadt"},"content":{"rendered":"<p>Chi\u0301nh Sa\u0301ch Ba\u0309o M\u00e2\u0323t Th\u00f4ng Tin n\u00e0y (sau \u0111\u00e2y g\u1ecdi t\u1eaft l\u00e0 \u201cCSBMTT\u201d) \u00e1p d\u1ee5ng cho trang web c\u00f3 \u0111\u1ecba ch\u1ec9 congcaphe.com<\/p>\n<p>Trong Ch\u00ednh S\u00e1ch n\u00e0y, c\u00e1c thu\u1eadt ng\u1eef \u201cC\u1ed9ng C\u00e0 Ph\u00ea\u201d, \u201cch\u00fang t\u00f4i\u201d l\u00e0 \u0111\u1ec3 ch\u1ec9 C\u00f4ng ty TNHH C\u1ed9ng\u00a0C\u00e0 Ph\u00ea. Ch\u00ednh s\u00e1ch n\u00e0y \u0111\u01b0\u1ee3c so\u1ea1n\u00a0th\u1ea3o\u00a0nh\u1eb1m gi\u00fap b\u1ea1n hi\u1ec3u \u0111\u01b0\u1ee3c l\u00ed\u00a0do v\u00e0\u00a0c\u00e1ch th\u1ee9c ch\u00fang t\u00f4i thu th\u1eadp, s\u1eed d\u1ee5ng, ti\u1ebft l\u1ed9 v\u00e0\/ho\u1eb7c x\u1eed l\u00fd d\u1eef li\u1ec7u c\u00e1 nh\u00e2n m\u00e0 b\u1ea1n \u0111\u00e3 cung c\u1ea5p cho ch\u00fang t\u00f4i t\u1ea1i trang web n\u00e0y.<\/p>\n<p>B\u1eb1ng vi\u1ec7c truy c\u1eadp trang web n\u00e0y, b\u1ea1n x\u00e1c nh\u1eadn v\u00e0 \u0111\u1ed3ng \u00fd r\u1eb1ng b\u1ea1n ch\u1ea5p nh\u1eadn c\u00e1c ph\u01b0\u01a1ng ph\u00e1p, y\u00eau c\u1ea7u, v\u00e0\/ho\u1eb7c ch\u00ednh s\u00e1ch \u0111\u01b0\u1ee3c m\u00f4 t\u1ea3 trong CSBMTT n\u00e0y, v\u00e0 b\u1ea1n \u0111\u1ed3ng \u00fd cho ph\u00e9p ch\u00fang t\u00f4i thu th\u1eadp, s\u1eed d\u1ee5ng, ti\u1ebft l\u1ed9 v\u00e0\/ho\u1eb7c x\u1eed l\u00fd d\u1eef li\u1ec7u c\u00e1 nh\u00e2n c\u1ee7a b\u1ea1n nh\u01b0 \u0111\u01b0\u1ee3c m\u00f4 t\u1ea3 d\u01b0\u1edbi \u0111\u00e2y.<\/p>\n<p><u><strong>M\u1ee5c \u0111\u00edch thu th\u1eadp th\u00f4ng tin<\/strong><\/u><\/p>\n<p>M\u1ee5c \u0111\u00edch ch\u00fang t\u00f4i thu th\u1eadp, l\u01b0u tr\u1eef v\u00e0 x\u1eed l\u00fd th\u00f4ng tin c\u1ee7a b\u1ea1n\u00a0\u0111\u1ec3 d\u00f9ng trong c\u00e1c tr\u01b0\u1eddng h\u1ee3p sau \u0111\u00e2y:<\/p>\n<p><u><strong>Chia s\u1ebb d\u1eef li\u1ec7u n\u1ed9i b\u1ed9<\/strong><\/u><\/p>\n<p>Ch\u00fang t\u00f4i c\u00f3 th\u1ec3 chia s\u1ebb th\u00f4ng tin thu th\u1eadp \u0111\u01b0\u1ee3c cho C\u00f4ng ty TNHH C\u1ed9ng C\u00e0 Ph\u00ea v\u00e0 c\u00e1c c\u00f4ng ty th\u00e0nh\u00a0vi\u00ean\u00a0v\u1edbi m\u1ee5c \u0111\u00edch qu\u1ea3n l\u00fd, ph\u00e2n t\u00edch v\u00e0 quy\u1ebft \u0111\u1ecbnh th\u00edch h\u1ee3p, bao g\u1ed3m c\u00e1c quy\u1ebft \u0111\u1ecbnh li\u00ean quan \u0111\u1ebfn vi\u1ec7c m\u1edf r\u1ed9ng v\u00e0 x\u00fac ti\u1ebfn c\u00e1c \u0111\u1ec1 xu\u1ea5t s\u1ea3n ph\u1ea9m v\u00e0 d\u1ecbch v\u1ee5, \u0111\u01a1n h\u00e0ng c\u1ee7a ch\u00fang t\u00f4i ho\u1eb7c \u0111\u00e1p \u1ee9ng y\u00eau c\u1ea7u kh\u00e1ch h\u00e0ng, s\u1ef1 v\u1eadn h\u00e0nh c\u1ee7a c\u00e1c trang web v\u00e0 \u1ee9ng d\u1ee5ng kh\u00e1c (n\u1ebfu c\u00f3), cung c\u1ea5p d\u1ecbch v\u1ee5 \u0111\u1eb7t h\u00e0ng tr\u1ef1c tuy\u1ebfn, \u0111\u1ea3m b\u1ea3o an ninh c\u1ee7a kh\u00e1ch h\u00e0ng khi s\u1eed d\u1ee5ng d\u1ecbch v\u1ee5 \u0111\u1eb7t h\u00e0ng tr\u1ef1c tuy\u1ebfn, x\u1eed l\u00fd v\u00e0 theo d\u00f5i c\u00e1c khi\u1ebfu n\u1ea1i, y\u00eau c\u1ea7u ho\u1eb7c ph\u1ea3n h\u1ed3i c\u1ee7a kh\u00e1ch h\u00e0ng, th\u1ef1c hi\u1ec7n c\u00e1c ch\u01b0\u01a1ng tr\u00ecnh khuy\u1ebfn m\u1ea1i, c\u1eadp nh\u1eadt v\u00e0 m\u1edf r\u1ed9ng h\u1ed3 s\u01a1 d\u1eef li\u1ec7u kh\u00e1ch h\u00e0ng, th\u1ef1c hi\u1ec7n c\u00e1c y\u00eau c\u1ea7u c\u1ee7a c\u01a1 quan nh\u00e0 n\u01b0\u1edbc c\u00f3 th\u1ea9m quy\u1ec1n ho\u1eb7c theo quy \u0111\u1ecbnh c\u1ee7a ph\u00e1p lu\u1eadt v\u00e0 cho c\u00e1c m\u1ee5c \u0111\u00edch kh\u00e1c \u0111\u01b0\u1ee3c m\u00f4 t\u1ea3 trong CSBMTT n\u00e0y.<\/p>\n<p><u><strong>L\u00e0m vi\u1ec7c v\u1edbi c\u00e1c nh\u00e0 cung c\u1ea5p<\/strong><\/u><\/p>\n<p>Ch\u00fang t\u00f4i c\u00f3 th\u1ec3 chia s\u1ebb th\u00f4ng tin c\u1ee7a b\u1ea1n v\u1edbi c\u00e1c Nh\u00e0 Cung C\u1ea5p D\u1ecbch V\u1ee5 m\u00e0 h\u1ecd cung c\u1ea5p cho ch\u00fang t\u00f4i c\u00e1c d\u1ecbch v\u1ee5 h\u1ed7 tr\u1ee3, ch\u1eb3ng h\u1ea1n nh\u01b0 m\u00e1y ch\u1ee7 trang web, g\u1eedi email, v\u1ecb tr\u00ed b\u1ea3n \u0111\u1ed3, quy tr\u00ecnh g\u1eedi th\u01b0, b\u01b0u ch\u00ednh, chu\u1ea9n b\u1ecb v\u00e0 giao h\u00e0ng theo \u0111\u01a1n, v\u00e0 ph\u00e2n t\u00edch. Ch\u00fang t\u00f4i y\u00eau c\u1ea7u c\u00e1c Nh\u00e0 Cung C\u1ea5p D\u1ecbch V\u1ee5 n\u00e0y kh\u00f4ng th\u1ef1c hi\u1ec7n vi\u1ec7c thu th\u1eadp, s\u1eed d\u1ee5ng v\u00e0 ti\u1ebft l\u1ed9 th\u00f4ng tin c\u1ee7a b\u1ea1n tr\u1eeb khi h\u1ecd \u0111ang th\u1ef1c hi\u1ec7n c\u00f4ng vi\u1ec7c cho ch\u00fang t\u00f4i ho\u1eb7c vi\u1ec7c ti\u1ebft l\u1ed9 th\u00f4ng tin c\u1ee7a b\u1ea1n l\u00e0 theo quy \u0111\u1ecbnh c\u1ee7a ph\u00e1p lu\u1eadt.<\/p>\n<p><u><strong>C\u00e1c tr\u01b0\u1eddng h\u1ee3p \u0111\u01b0\u1ee3c y\u00eau c\u1ea7u b\u1edfi ph\u00e1p lu\u1eadt ho\u1eb7c \u0111\u1ec3 b\u1ea3o v\u1ec7 l\u1ee3i \u00edch h\u1ee3p ph\u00e1p c\u1ee7a ch\u00fang t\u00f4i<\/strong><\/u><\/p>\n<p>Ch\u00fang t\u00f4i c\u00f3 th\u1ec3 ti\u1ebft l\u1ed9 th\u00f4ng tin c\u1ee7a b\u1ea1n n\u1ebfu ch\u00fang t\u00f4i tin r\u1eb1ng vi\u1ec7c ti\u1ebft l\u1ed9 l\u00e0 theo y\u00eau c\u1ea7u c\u1ee7a ph\u00e1p lu\u1eadt, ho\u1eb7c l\u00e0 c\u1ea7n thi\u1ebft \u0111\u1ec3 th\u1ef1c thi c\u00e1c th\u1ecfa thu\u1eadn v\u00e0 ch\u00ednh s\u00e1ch c\u1ee7a ch\u00fang t\u00f4i, ho\u1eb7c n\u1ebfu ch\u00fang t\u00f4i tin r\u1eb1ng vi\u1ec7c ti\u1ebft l\u1ed9 s\u1ebd gi\u00fap ch\u00fang t\u00f4i b\u1ea3o v\u1ec7 quy\u1ec1n l\u1ee3i, t\u00e0i s\u1ea3n, ho\u1eb7c s\u1ef1 an to\u00e0n c\u1ee7a C\u1ed9ng C\u00e0 Ph\u00ea ho\u1eb7c c\u00e1c kh\u00e1ch h\u00e0ng v\u00e0 \u0111\u1ed1i t\u00e1c c\u1ee7a ch\u00fang t\u00f4i.<\/p>\n<p><u><strong>Kh\u00e1ch h\u00e0ng \u0111\u1ed3ng \u00fd<\/strong><\/u><\/p>\n<p>Ch\u00fang t\u00f4i c\u00f3 th\u1ec3 chia s\u1ebb th\u00f4ng tin v\u1ec1 b\u1ea1n v\u1edbi c\u00e1c c\u00f4ng ty kh\u00e1c n\u1ebfu b\u1ea1n cho ph\u00e9p ch\u00fang t\u00f4i ho\u1eb7c ch\u1ec9 th\u1ecb cho ch\u00fang t\u00f4i chia s\u1ebb th\u00f4ng tin.<\/p>\n<p><strong>1. Chia s\u1ebb th\u00f4ng tin v\u1edbi b\u00ean th\u1ee9 ba<\/strong><\/p>\n<p>Khi b\u1ea1n s\u1eed d\u1ee5ng c\u00e1c trang c\u1ee7a ch\u00fang t\u00f4i, ch\u00fang t\u00f4i c\u00f3 th\u1ec3 cho ph\u00e9p c\u00e1c b\u00ean th\u1ee9 ba thu th\u1eadp th\u00f4ng tin v\u1ec1 b\u1ea1n th\u00f4ng qua c\u00e1c t\u1eadp tin cookie, t\u1eadp tin ch\u1ec9 b\u00e1o (web beacons) v\u00e0 c\u00e1c c\u00f4ng ngh\u1ec7 t\u01b0\u01a1ng t\u1ef1 kh\u00e1c.\u00a0T\u00ecm hi\u1ec3u th\u00eam v\u1ec1 c\u00e1c t\u1eadp tin cookie, t\u1eadp tin ch\u1ec9 b\u00e1o (web beacons) v\u00e0 c\u00f4ng ngh\u1ec7 t\u01b0\u01a1ng t\u1ef1<br \/>\nCh\u00fang t\u00f4i cho ph\u00e9p c\u00e1c b\u00ean th\u1ee9 ba thu th\u1eadp th\u00f4ng tin n\u00e0y tr\u00ean trang web c\u1ee7a ch\u00fang t\u00f4i cho c\u00e1c m\u1ee5c \u0111\u00edch sau:<\/p>\n<p><strong>\u0110\u1ec3 hi\u1ec7n<\/strong><strong>\u00a0th\u1ecb qu\u1ea3ng c\u00e1o ph\u00f9 h\u1ee3p<\/strong>\u00a0\u2013 Ch\u00fang t\u00f4i cho ph\u00e9p m\u1ed9t s\u1ed1 c\u00f4ng ty qu\u1ea3ng c\u00e1o thu th\u1eadp c\u00e1c th\u00f4ng tin n\u00e0y \u0111\u1ec3 hi\u1ec3n th\u1ecb qu\u1ea3ng c\u00e1o tr\u00ean trang web c\u1ee7a ch\u00fang t\u00f4i ph\u00f9 h\u1ee3p nh\u1ea5t v\u1edbi b\u1ea1n.<br \/>\n<strong>\u0110\u1ec3 tri\u1ec3n<\/strong><strong>\u00a0khai c\u00e1c d\u1ecbch v\u1ee5 v\u1edbi nh\u00e0 cung c\u1ea5p<\/strong>\u00a0\u2013 Ch\u00fang t\u00f4i cho ph\u00e9p c\u00e1c c\u00f4ng ty b\u1ed5 sung c\u00e1c t\u1eadp tin cookie, t\u1eadp tin ch\u1ec9 b\u00e1o\u00a0(web beacons)v\u00e0\u00a0c\u00f4ng ngh\u1ec7 t\u01b0\u01a1ng t\u1ef1 kh\u00e1c \u0111\u1ec3 t\u0103ng c\u01b0\u1eddng ho\u1ea1t \u0111\u1ed9ng c\u1ee7a c\u00e1c d\u1ecbch v\u1ee5 v\u00e0 ch\u1ee9c n\u0103ng c\u1ee5 th\u1ec3 c\u1ee7a c\u00e1c trang web c\u1ee7a\u00a0ch\u00fang t\u00f4i.<\/p>\n<p><strong>\u0110\u1ec3 li\u00ean<\/strong><strong>\u00a0k\u1ebft t\u1edbi m\u1ea1ng x\u00e3 h\u1ed9i c\u1ee7a b\u1ea1n<\/strong>\u00a0\u2013 Ch\u00fang t\u00f4i \u0111\u00e3 th\u00eam c\u00e1c t\u00ednh n\u0103ng nh\u1ea5t \u0111\u1ecbnh v\u00e0o c\u00e1c trang web v\u00e0 c\u00e1c \u1ee9ng d\u1ee5ng c\u1ee7a ch\u00fang t\u00f4i \u0111\u1ec3 cho ph\u00e9p c\u00e1c m\u1ea1ng x\u00e3 h\u1ed9i (nh\u01b0 Facebook, Instagram, Youtube)\u00a0theo d\u00f5i c\u00e1c ho\u1ea1t \u0111\u1ed9ng c\u1ee7a c\u00e1c th\u00e0nh vi\u00ean c\u1ee7a h\u1ecd ho\u1eb7c thu th\u1eadp th\u00f4ng tin nh\u1ea5t \u0111\u1ecbnh khi h\u1ecd s\u1eed d\u1ee5ng trang web ho\u1eb7c \u1ee9ng d\u1ee5ng c\u1ee7a ch\u00fang t\u00f4i. Nh\u1eefng t\u00ednh n\u0103ng n\u00e0y c\u00f3 th\u1ec3 bao g\u1ed3m c\u00e1c c\u00f4ng ngh\u1ec7 \u0111\u01b0\u1ee3c g\u1ecdi l\u00e0 &#8220;Th\u00eam V\u00e0o\u201d (Plug-ins) v\u00e0 &#8220;Ti\u1ec7n \u00cdch\u201d (Widgets). \u201cPlug-ins\u201d t\u1ea1o li\u00ean k\u1ebft tr\u1ef1c ti\u1ebfp gi\u1eefa hai trang web v\u00e0 \u201cWidgets\u201d l\u00e0 nh\u1eefng ch\u01b0\u01a1ng tr\u00ecnh nh\u1ecf c\u00f3 t\u00ednh t\u01b0\u01a1ng t\u00e1c cung c\u1ea5p c\u00e1c d\u1ecbch v\u1ee5 kh\u00e1c c\u1ee7a c\u00f4ng ty tr\u00ean c\u00e1c trang web c\u1ee7a ch\u00fang t\u00f4i.<\/p>\n<p><strong>2. Ph\u1ea1m vi thu th\u1eadp th\u00f4ng tin<\/strong><\/p>\n<p>Khi b\u1ea1n s\u1eed d\u1ee5ng c\u00e1c trang web ho\u1eb7c c\u00e1c \u1ee9ng d\u1ee5ng c\u1ee7a ch\u00fang t\u00f4i, ch\u00fang t\u00f4i thu th\u1eadp m\u1ed9t s\u1ed1 th\u00f4ng tin v\u1ec1 b\u1ea1n v\u00e0 c\u00e1c d\u1ecbch v\u1ee5 m\u00e0 b\u1ea1n s\u1eed d\u1ee5ng. Th\u00f4ng tin ch\u00fang t\u00f4i thu th\u1eadp \u0111\u01b0\u1ee3c ph\u00e2n lo\u1ea1i nh\u01b0 sau:<\/p>\n<p><u><strong>Th\u00f4ng tin b\u1ea1n cung c\u1ea5p cho ch\u00fang t\u00f4i<\/strong><\/u><\/p>\n<p>Ch\u00fang t\u00f4i thu th\u1eadp th\u00f4ng tin m\u00e0 b\u1ea1n cung c\u1ea5p cho ch\u00fang t\u00f4i khi b\u1ea1n s\u1eed d\u1ee5ng c\u00e1c d\u1ecbch v\u1ee5 c\u1ee7a ch\u00fang t\u00f4i. V\u00ed d\u1ee5: mua h\u00e0ng t\u1ea1i c\u1eeda h\u00e0ng, m\u1edf Th\u1ebb Th\u00e2n Thi\u1ebft, \u0111\u1eb7t h\u00e0ng t\u1ea1i website n\u00e0y, \u0111\u0103ng k\u00fd s\u1ef1 ki\u1ec7n, ho\u1eb7c khi b\u1ea1n \u0111\u0103ng k\u00ed \u1ee9ng tuy\u1ec3n nh\u00e2n s\u1ef1, cung c\u1ea5p th\u00f4ng tin \u0111\u1ec1 xu\u1ea5t nh\u01b0\u1ee3ng quy\u1ec1n. Ph\u1ea1m vi th\u00f4ng tin ch\u00fang t\u00f4i thu th\u1eadp kh\u00f4ng gi\u1edbi h\u1ea1n, bao g\u1ed3m t\u1ea5t c\u1ea3 nh\u1eefng th\u00f4ng tin b\u1ea1n \u0111\u1ec3 l\u1ea1i cho ch\u00fang t\u00f4i tr\u00ean t\u1ea5t c\u1ea3 c\u00e1c k\u00eanh.<\/p>\n<p><u><strong>Th\u00f4ng tin ch\u00fang t\u00f4i thu th\u1eadp t\u1eeb b\u1ea1n<\/strong><\/u><\/p>\n<p>Khi b\u1ea1n truy c\u1eadp\u00a0c\u00e1c\u00a0trang web c\u1ee7a ch\u00fang t\u00f4i ho\u1eb7c s\u1eed d\u1ee5ng d\u1ecbch v\u1ee5 t\u1ea1i\u00a0c\u1eeda h\u00e0ng, ch\u00fang t\u00f4i c\u00f3 th\u1ec3 thu th\u1eadp th\u00f4ng tin v\u1ec1 vi\u1ec7c truy c\u1eadp v\u00e0 s\u1eed d\u1ee5ng c\u1ee7a b\u1ea1n. Th\u00f4ng tin n\u00e0y bao g\u1ed3m:<\/p>\n<p><strong>Th\u00f4ng Tin V\u1ec1 Giao D\u1ecbch Mua<\/strong>\u00a0\u2013 Ch\u00fang t\u00f4i c\u00f3 th\u1ec3 thu th\u1eadp th\u00f4ng tin v\u1ec1 c\u00e1c giao d\u1ecbch c\u1ee7a b\u1ea1n t\u1ea1i c\u00e1c C\u1ed9ng\u00a0C\u00e0 Ph\u00ea\u00a0ho\u1eb7c tr\u00ean c\u00e1c trang web c\u1ee7a ch\u00fang t\u00f4i bao g\u1ed3m nh\u1eefng s\u1ea3n ph\u1ea9m b\u1ea1n mua, m\u1ee9c \u0111\u1ed9 th\u01b0\u1eddng xuy\u00ean b\u1ea1n mua c\u00e1c s\u1ea3n ph\u1ea9m, b\u1ea5t k\u1ef3 qu\u00e0 t\u1eb7ng ho\u1eb7c khuy\u1ebfn m\u1ea1i li\u00ean quan \u0111\u1ebfn giao d\u1ecbch mua v\u00e0 c\u00e1c s\u1ea3n ph\u1ea9m b\u1ea1n \u0111\u00e3 \u0111\u01b0a v\u00e0o &#8220;danh s\u00e1ch mu\u1ed1n mua&#8221; trong th\u1eddi gian t\u1edbi.<\/p>\n<p><strong>Th\u00f4ng Tin V\u1ec1 Thi\u1ebft B\u1ecb v\u00e0 S\u1eed D\u1ee5ng<\/strong>\u00a0\u2013 Khi b\u1ea1n t\u1ea3i v\u1ec1 v\u00e0 c\u00e0i \u0111\u1eb7t m\u1ed9t trong nh\u1eefng \u1ee9ng d\u1ee5ng di \u0111\u1ed9ng c\u1ee7a ch\u00fang t\u00f4i ho\u1eb7c s\u1eed d\u1ee5ng m\u1ed9t m\u00e1y t\u00ednh, m\u00e1y t\u00ednh b\u1ea3ng, \u0111i\u1ec7n tho\u1ea1i th\u00f4ng minh ho\u1eb7c thi\u1ebft b\u1ecb kh\u00e1c \u0111\u1ec3 truy c\u1eadp v\u00e0o trang web c\u1ee7a ch\u00fang t\u00f4i, s\u1eed d\u1ee5ng d\u1ecbch v\u1ee5 ho\u1eb7c c\u00e1c \u1ee9ng d\u1ee5ng di \u0111\u1ed9ng c\u1ee7a ch\u00fang t\u00f4i ho\u1eb7c mua s\u1ea3n ph\u1ea9m ho\u1eb7c d\u1ecbch v\u1ee5 th\u00f4ng qua c\u00e1c trang web c\u1ee7a ch\u00fang t\u00f4i, ch\u00fang t\u00f4i c\u00f3 th\u1ec3 thu th\u1eadp th\u00f4ng tin v\u1ec1 c\u00e1c thi\u1ebft b\u1ecb b\u1ea1n s\u1eed d\u1ee5ng v\u00e0 c\u00e1ch b\u1ea1n s\u1eed d\u1ee5ng n\u00f3.<\/p>\n<p><u><strong>Th\u00f4ng tin ch\u00fang t\u00f4i thu th\u1eadp t\u1eeb c\u00e1c ngu\u1ed3n kh\u00e1c<\/strong><\/u><strong>\u00a0\u00a0<\/strong><\/p>\n<p>Ch\u00fang\u00a0t\u00f4i c\u0169ng thu th\u1eadp t\u1eeb nh\u1eefng th\u00f4ng tin c\u00f4ng khai c\u00f3 s\u1eb5n. V\u00ed d\u1ee5, ch\u00fang t\u00f4i c\u00f3 th\u1ec3 thu th\u1eadp th\u00f4ng tin m\u00e0 b\u1ea1n \u0111\u0103ng tr\u00ean m\u1ed9t blog\u00a0hay\u00a0m\u1ea1ng x\u00e3 h\u1ed9i.\u00a0Ch\u00fang t\u00f4i c\u0169ng c\u00f3 th\u1ec3 thu th\u1eadp th\u00f4ng tin v\u1ec1 b\u1ea1n t\u1eeb c\u00e1c c\u00f4ng ty v\u00e0 t\u1ed5 ch\u1ee9c kh\u00e1c. B\u1eb1ng c\u00e1ch thu th\u1eadp th\u00eam th\u00f4ng tin v\u1ec1 b\u1ea1n, ch\u00fang t\u00f4i c\u00f3 th\u1ec3 \u0111\u00ednh ch\u00ednh c\u00e1c th\u00f4ng tin kh\u00f4ng ch\u00ednh x\u00e1c, n\u00e2ng cao t\u00ednh b\u1ea3o m\u1eadt c\u1ee7a c\u00e1c giao d\u1ecbch c\u1ee7a b\u1ea1n v\u00e0 cung c\u1ea5p cho b\u1ea1n c\u00e1c s\u1ea3n ph\u1ea9m khuy\u1ebfn ngh\u1ecb v\u00e0 c\u00e1c \u0111\u1ec1 ngh\u1ecb \u0111\u1eb7c bi\u1ec7t m\u00e0 c\u00f3 nhi\u1ec1u kh\u1ea3 n\u0103ng l\u00e0 b\u1ea1n quan t\u00e2m.<\/p>\n<p><strong>3. Ph\u1ea1m vi s\u1eed d\u1ee5ng th\u00f4ng tin<\/strong><\/p>\n<p>Ch\u00fang t\u00f4i c\u00f3 th\u1ec3 s\u1eed d\u1ee5ng th\u00f4ng tin v\u1ec1 b\u1ea1n m\u00e0 ch\u00fang t\u00f4i thu th\u1eadp \u0111\u01b0\u1ee3c theo nhi\u1ec1u c\u00e1ch th\u1ee9c kh\u00e1c nhau, bao g\u1ed3m:<\/p>\n<ul>\n<li>x\u1eed l\u00fd c\u00e1c giao d\u1ecbch mua s\u1ea3n ph\u1ea9m v\u00e0 s\u1eed d\u1ee5ng d\u1ecbch v\u1ee5 c\u1ee7a b\u1ea1n;<\/li>\n<li>t\u1ea1o \u0111i\u1ec1u ki\u1ec7n thu\u1eadn l\u1ee3i cho c\u00e1c ch\u1ee9c n\u0103ng c\u1ee7a trang web v\u00e0 c\u00e1c \u1ee9ng d\u1ee5ng di \u0111\u1ed9ng c\u1ee7a ch\u00fang t\u00f4i;<\/li>\n<li>li\u00ean l\u1ea1c v\u1edbi b\u1ea1n v\u1ec1 \u0111\u01a1n \u0111\u1eb7t h\u00e0ng, giao d\u1ecbch mua h\u00e0ng, ho\u00e0n tr\u1ea3 h\u00e0ng, t\u00e0i kho\u1ea3n, c\u00e1c ch\u01b0\u01a1ng tr\u00ecnh;<\/li>\n<li>tr\u1ea3 l\u1eddi c\u00e1c th\u1eafc m\u1eafc v\u1ec1 d\u1ecbch v\u1ee5 kh\u00e1ch h\u00e0ng v\u00e0 y\u00eau c\u1ea7u v\u1ec1 th\u00f4ng tin c\u1ee7a b\u1ea1n;<\/li>\n<li>\u0111\u0103ng \u00fd ki\u1ebfn ho\u1eb7c ph\u00e1t bi\u1ec3u c\u1ee7a b\u1ea1n tr\u00ean c\u00e1c trang web c\u1ee7a ch\u00fang t\u00f4i;<\/li>\n<li>g\u1eedi cho b\u1ea1n c\u00e1c ch\u01b0\u01a1ng tr\u00ecnh khuy\u1ebfn m\u1ea1i, qu\u1ea3ng c\u00e1o, c\u00e1c\u00a0cu\u1ed9c thi, tr\u00f2 ch\u01a1i,\u00a0b\u1ea3n tin mang\u00a0l\u1ea1i l\u1ee3i \u00edch cho b\u1ea1n<\/li>\n<li>duy tr\u00ec v\u00e0 c\u1ea3i thi\u1ec7n c\u00e1c trang web v\u00e0 c\u00e1c s\u1ea3n ph\u1ea9m v\u00e0 c\u00e1c d\u1ecbch v\u1ee5 m\u00e0 ch\u00fang t\u00f4i cung c\u1ea5p;<\/li>\n<li>ph\u00e1t hi\u1ec7n, ng\u0103n ch\u1eb7n v\u00e0 \u0111i\u1ec1u tra vi ph\u1ea1m an ninh v\u00e0 gian l\u1eadn; v\u00e0<\/li>\n<li>duy tr\u00ec h\u1ed3 s\u01a1 l\u01b0u tr\u1eef ch\u00ednh x\u00e1c v\u00e0 ph\u00f9 h\u1ee3p cho m\u1ee5c \u0111\u00edch qu\u1ea3n l\u00fd n\u1ed9i b\u1ed9.<\/li>\n<\/ul>\n<p><strong>4. Th\u1eddi gian l\u01b0u tr\u1eef th\u00f4ng tin<\/strong><\/p>\n<p>C\u00f4ng ty c\u00f3 h\u1ec7 th\u1ed1ng m\u00e1y ch\u1ee7 c\u00f3 kh\u1ea3 n\u0103ng l\u01b0u tr\u1eef th\u00f4ng tin kh\u00e1ch h\u00e0ng t\u1ed1i thi\u1ec3u l\u00e0 02 n\u0103m v\u00e0 t\u1ed1i \u0111a l\u00e0 10 n\u0103m. Trong qu\u00e1 tr\u00ecnh ho\u1ea1t \u0111\u1ed9ng, c\u00f4ng ty c\u00f3 th\u1ec3 n\u00e2ng cao kh\u1ea3 n\u0103ng l\u01b0u tr\u1eef th\u00f4ng tin n\u1ebfu c\u1ea7n thi\u1ebft.<\/p>\n<p><strong>5. Cam k\u1ebft b\u1ea3o m\u1eadt th\u00f4ng tin c\u00e1 nh\u00e2n kh\u00e1ch h\u00e0ng<\/strong><\/p>\n<p>Th\u00f4ng tin c\u00e1 nh\u00e2n, th\u00f4ng tin ri\u00eang c\u1ee7a ng\u01b0\u1eddi s\u1eed d\u1ee5ng \u0111\u01b0\u1ee3c thu th\u1eadp, l\u01b0u tr\u1eef v\u00e0 b\u1ea3o v\u1ec7 m\u1ed9t c\u00e1ch nghi\u00eam t\u00fac, ch\u00ednh x\u00e1c v\u00e0 b\u1ea3o m\u1eadt.<\/p>\n<p>Ch\u00fang t\u00f4i ch\u1ec9 t\u1eadp h\u1ee3p l\u1ea1i c\u00e1c th\u00f4ng tin c\u00e1 nh\u00e2n trong ph\u1ea1m vi ph\u00f9 h\u1ee3p v\u00e0 c\u1ea7n thi\u1ebft cho m\u1ee5c \u0111\u00edch th\u01b0\u01a1ng m\u1ea1i \u0111\u00fang \u0111\u1eafn c\u1ee7a ch\u00fang t\u00f4i. V\u00e0 ch\u00fang t\u00f4i duy tr\u00ec c\u00e1c bi\u1ec7n ph\u00e1p th\u00edch h\u1ee3p nh\u1eb1m \u0111\u1ea3m b\u1ea3o t\u00ednh an to\u00e0n, nguy\u00ean v\u1eb9n, \u0111\u1ed9 ch\u00ednh x\u00e1c, v\u00e0 t\u00ednh b\u1ea3o m\u1eadt c\u1ee7a nh\u1eefng th\u00f4ng tin m\u00e0 ng\u01b0\u1eddi s\u1eed d\u1ee5ng \u0111\u00e3 cung c\u1ea5p. Ngo\u00e0i ra, ch\u00fang t\u00f4i c\u0169ng c\u00f3 nh\u1eefng bi\u1ec7n ph\u00e1p th\u00edch h\u1ee3p \u0111\u1ec3 \u0111\u1ea3m b\u1ea3o r\u1eb1ng b\u00ean th\u1ee9 ba c\u0169ng s\u1ebd \u0111\u1ea3m b\u1ea3o an to\u00e0n cho c\u00e1c th\u00f4ng tin m\u00e0 ch\u00fang t\u00f4i cung c\u1ea5p cho h\u1ecd.<\/p>\n<p>Ch\u00fang t\u00f4i thi\u1ebft l\u1eadp nh\u1eefng ph\u1ea7n m\u1ec1m thu th\u1eadp, l\u01b0u tr\u1eef th\u00f4ng tin ri\u00eang bi\u1ec7t v\u00e0 \u0111\u01b0\u1ee3c th\u1ef1c hi\u1ec7n duy nh\u1ea5t b\u1edfi h\u1ec7 th\u1ed1ng m\u00e1y ch\u1ee7 v\u00e0 h\u1ec7 th\u1ed1ng m\u00e1y ch\u1ee7 d\u1ef1 ph\u00f2ng c\u1ee7a ch\u00fang t\u00f4i.\u00a0Trong khi ch\u00fang t\u00f4i s\u1eed d\u1ee5ng c\u00e1c c\u00f4ng ngh\u1ec7 v\u00e0 quy tr\u00ecnh an ninh \u0111\u1ec3 gi\u00fap b\u1ea3o v\u1ec7 th\u00f4ng tin c\u00e1 nh\u00e2n c\u1ee7a b\u1ea1n, ch\u00fang t\u00f4i kh\u00f4ng th\u1ec3 \u0111\u1ea3m b\u1ea3o h\u1ec7 th\u1ed1ng ho\u1eb7c m\u1ea1ng an to\u00e0n 100%.<\/p>\n<p><strong>6. C\u01a1 ch\u1ebf ti\u1ebfp nh\u1eadn v\u00e0 gi\u1ea3i quy\u1ebft khi\u1ebfu n\u1ea1i li\u00ean quan \u0111\u1ebfn vi\u1ec7c th\u00f4ng tin c\u00e1 nh\u00e2n kh\u00e1ch h\u00e0ng<\/strong><\/p>\n<p>Th\u00e0nh vi\u00ean c\u00f3 quy\u1ec1n g\u1eedi khi\u1ebfu n\u1ea1i v\u1ec1 vi\u1ec7c l\u1ed9 th\u00f4ng tin c\u00e1c nh\u00e2n cho b\u00ean th\u1ee9 3 \u0111\u1ebfn Ban qu\u1ea3n tr\u1ecb c\u1ee7a S\u00e0n giao d\u1ecbch th\u01b0\u01a1ng m\u1ea1i \u0111i\u1ec7n t\u1eed C\u1ed9ng C\u00e0 Ph\u00ea \u0111\u1ebfn \u0111\u1ecba ch\u1ec9 C\u00f4ng ty ho\u1eb7c qua email: info@congcaphe.com<\/p>\n<p>C\u00f4ng ty c\u00f3 tr\u00e1ch nhi\u1ec7m th\u1ef1c hi\u1ec7n c\u00e1c bi\u1ec7n ph\u00e1p k\u1ef9 thu\u1eadt, nghi\u1ec7p v\u1ee5 \u0111\u1ec3 x\u00e1c minh c\u00e1c n\u1ed9i dung \u0111\u01b0\u1ee3c ph\u1ea3n \u00e1nh.<\/p>\n<p>Th\u1eddi gian x\u1eed l\u00fd ph\u1ea3n \u00e1nh li\u00ean quan \u0111\u1ebfn th\u00f4ng tin c\u00e1 nh\u00e2n kh\u00e1ch h\u00e0ng l\u00e0 15 ng\u00e0y.<\/p>\n<p><strong>7.\u00a0<\/strong><strong>Thay \u0110\u1ed5i \u0110\u1ed1i V\u1edbi Ch\u00ednh S\u00e1ch Quy\u1ec1n Ri\u00eang T\u01b0 N\u00e0y<\/strong><\/p>\n<p>Ch\u00ednh S\u00e1ch n\u00e0y c\u00f3 hi\u1ec7u l\u1ef1c v\u00e0o ng\u00e0y ghi nh\u1eadn \u1edf ph\u1ea7n tr\u00ean c\u00f9ng c\u1ee7a trang web n\u00e0y. Ch\u00fang t\u00f4i c\u00f3 th\u1ec3 c\u1eadp nh\u1eadt Ch\u00ednh S\u00e1ch n\u00e0y tu\u1ef3 t\u1eebng th\u1eddi \u0111i\u1ec3m. N\u1ebfu ch\u00fang t\u00f4i th\u1ef1c hi\u1ec7n thay \u0111\u1ed5i c\u01a1 b\u1ea3n, ch\u00fang t\u00f4i s\u1ebd \u0111\u0103ng Ch\u00ednh S\u00e1ch \u0111\u01b0\u1ee3c c\u1eadp nh\u1eadt tr\u00ean trang n\u00e0y v\u00e0 thay \u0111\u1ed5i ng\u00e0y \u1edf ph\u1ea7n tr\u00ean c\u00f9ng c\u1ee7a trang web n\u00e0y. Ch\u00fang t\u00f4i khuy\u1ebfn kh\u00edch b\u1ea1n t\u00ecm ki\u1ebfm nh\u1eefng c\u1eadp nh\u1eadt v\u00e0 thay \u0111\u1ed5i \u0111\u1ed1i v\u1edbi Ch\u00ednh S\u00e1ch n\u00e0y b\u1eb1ng c\u00e1ch ki\u1ec3m tra ng\u00e0y c\u1ee7a Ch\u00ednh S\u00e1ch khi b\u1ea1n truy c\u1eadp trang web n\u00e0y. Ch\u00fang t\u00f4i s\u1ebd th\u00f4ng b\u00e1o cho b\u1ea1n v\u1ec1 b\u1ea5t k\u1ef3 s\u1ef1 thay \u0111\u1ed5i \u0111\u1ed1i v\u1edbi Ch\u00ednh S\u00e1ch n\u00e0y m\u00e0 s\u1ef1 thay \u0111\u1ed5i c\u00f3 th\u1ec3 \u1ea3nh h\u01b0\u1edfng c\u01a1 b\u1ea3n \u0111\u1ebfn c\u00e1ch m\u00e0 ch\u00fang t\u00f4i s\u1eed d\u1ee5ng ho\u1eb7c ti\u1ebft l\u1ed9 nh\u1eefng th\u00f4ng tin c\u00e1 nh\u00e2n c\u1ee7a b\u1ea1n tr\u01b0\u1edbc khi nh\u1eefng thay \u0111\u1ed5i n\u00e0y b\u1eaft \u0111\u1ea7u c\u00f3 hi\u1ec7u l\u1ef1c b\u1eb1ng th\u00f4ng b\u00e1o tr\u00ean trang web n\u00e0y.<\/p>","protected":false},"excerpt":{"rendered":"<p>Chi\u0301nh Sa\u0301ch Ba\u0309o M\u00e2\u0323t Th\u00f4ng Tin n\u00e0y (sau \u0111\u00e2y g\u1ecdi t\u1eaft l\u00e0 \u201cCSBMTT\u201d) \u00e1p d\u1ee5ng cho trang web c\u00f3 \u0111\u1ecba ch\u1ec9 congcaphe.com Trong Ch\u00ednh S\u00e1ch n\u00e0y, c\u00e1c thu\u1eadt ng\u1eef \u201cC\u1ed9ng C\u00e0 Ph\u00ea\u201d, \u201cch\u00fang t\u00f4i\u201d l\u00e0 \u0111\u1ec3 ch\u1ec9 C\u00f4ng ty TNHH C\u1ed9ng\u00a0C\u00e0 Ph\u00ea. Ch\u00ednh s\u00e1ch n\u00e0y \u0111\u01b0\u1ee3c so\u1ea1n\u00a0th\u1ea3o\u00a0nh\u1eb1m gi\u00fap b\u1ea1n hi\u1ec3u \u0111\u01b0\u1ee3c l\u00ed\u00a0do v\u00e0\u00a0c\u00e1ch th\u1ee9c ch\u00fang [&hellip;]<\/p>","protected":false},"author":1,"featured_media":0,"parent":0,"menu_order":0,"comment_status":"closed","ping_status":"closed","template":"","meta":{"_acf_changed":false,"footnotes":""},"class_list":["post-571","page","type-page","status-publish","hentry"],"acf":[],"_links":{"self":[{"href":"https:\/\/chamdalat.vn\/en\/wp-json\/wp\/v2\/pages\/571","targetHints":{"allow":["GET"]}}],"collection":[{"href":"https:\/\/chamdalat.vn\/en\/wp-json\/wp\/v2\/pages"}],"about":[{"href":"https:\/\/chamdalat.vn\/en\/wp-json\/wp\/v2\/types\/page"}],"author":[{"embeddable":true,"href":"https:\/\/chamdalat.vn\/en\/wp-json\/wp\/v2\/users\/1"}],"replies":[{"embeddable":true,"href":"https:\/\/chamdalat.vn\/en\/wp-json\/wp\/v2\/comments?post=571"}],"version-history":[{"count":1,"href":"https:\/\/chamdalat.vn\/en\/wp-json\/wp\/v2\/pages\/571\/revisions"}],"predecessor-version":[{"id":572,"href":"https:\/\/chamdalat.vn\/en\/wp-json\/wp\/v2\/pages\/571\/revisions\/572"}],"wp:attachment":[{"href":"https:\/\/chamdalat.vn\/en\/wp-json\/wp\/v2\/media?parent=571"}],"curies":[{"name":"wp","href":"https:\/\/api.w.org\/{rel}","templated":true}]}}