{"id":2431,"date":"2024-10-04T15:17:04","date_gmt":"2024-10-04T08:17:04","guid":{"rendered":"https:\/\/chamdalat.vn\/?page_id=2431"},"modified":"2026-03-03T08:48:21","modified_gmt":"2026-03-03T01:48:21","slug":"tuyen-dung-khoi-nha-hang","status":"publish","type":"page","link":"https:\/\/chamdalat.vn\/en\/tuyen-dung-khoi-nha-hang\/","title":{"rendered":"Tuy\u1ec3n d\u1ee5ng kh\u1ed1i nh\u00e0 h\u00e0ng"},"content":{"rendered":"<div data-elementor-type=\"wp-page\" data-elementor-id=\"2431\" class=\"elementor elementor-2431\" data-elementor-post-type=\"page\">\n\t\t\t\t<div class=\"elementor-element elementor-element-190dc0a e-con-full e-flex e-con e-parent\" data-id=\"190dc0a\" data-element_type=\"container\" data-e-type=\"container\">\n\t\t\t\t<div class=\"elementor-element elementor-element-4e6f7ea elementor-widget elementor-widget-image\" data-id=\"4e6f7ea\" data-element_type=\"widget\" data-e-type=\"widget\" data-widget_type=\"image.default\">\n\t\t\t\t<div class=\"elementor-widget-container\">\n\t\t\t\t\t\t\t\t\t\t\t\t\t\t\t<img fetchpriority=\"high\" decoding=\"async\" width=\"800\" height=\"300\" src=\"https:\/\/chamdalat.vn\/wp-content\/uploads\/2026\/03\/cham-dal-lat-tuyen-dung-1024x384.jpg\" class=\"attachment-large size-large wp-image-2874\" alt=\"\" srcset=\"https:\/\/chamdalat.vn\/wp-content\/uploads\/2026\/03\/cham-dal-lat-tuyen-dung-1024x384.jpg 1024w, https:\/\/chamdalat.vn\/wp-content\/uploads\/2026\/03\/cham-dal-lat-tuyen-dung-300x112.jpg 300w, https:\/\/chamdalat.vn\/wp-content\/uploads\/2026\/03\/cham-dal-lat-tuyen-dung-768x288.jpg 768w, https:\/\/chamdalat.vn\/wp-content\/uploads\/2026\/03\/cham-dal-lat-tuyen-dung-1536x576.jpg 1536w, https:\/\/chamdalat.vn\/wp-content\/uploads\/2026\/03\/cham-dal-lat-tuyen-dung-2048x767.jpg 2048w, https:\/\/chamdalat.vn\/wp-content\/uploads\/2026\/03\/cham-dal-lat-tuyen-dung-18x7.jpg 18w\" sizes=\"(max-width: 800px) 100vw, 800px\">\t\t\t\t\t\t\t\t\t\t\t\t\t\t\t<\/div>\n\t\t\t\t<\/div>\n\t\t\t\t<\/div>\n\t\t<div class=\"elementor-element elementor-element-648fbbc e-flex e-con-boxed e-con e-parent\" data-id=\"648fbbc\" data-element_type=\"container\" data-e-type=\"container\">\n\t\t\t\t\t<div class=\"e-con-inner\">\n\t\t\t\t<div class=\"elementor-element elementor-element-f105d0b elementor-widget elementor-widget-heading\" data-id=\"f105d0b\" data-element_type=\"widget\" data-e-type=\"widget\" data-widget_type=\"heading.default\">\n\t\t\t\t<div class=\"elementor-widget-container\">\n\t\t\t\t\t<h2 class=\"elementor-heading-title elementor-size-default\">QU\u1ea2N L\u00dd C\u1eecA H\u00c0NG<\/h2>\t\t\t\t<\/div>\n\t\t\t\t<\/div>\n\t\t\t\t<div class=\"elementor-element elementor-element-6396a18 elementor-widget elementor-widget-text-editor\" data-id=\"6396a18\" data-element_type=\"widget\" data-e-type=\"widget\" data-widget_type=\"text-editor.default\">\n\t\t\t\t<div class=\"elementor-widget-container\">\n\t\t\t\t\t\t\t\t\t<ol><li><strong>M\u00f4 T\u1ea3 C\u00f4ng Vi\u1ec7c<\/strong><\/li><\/ol><ul><li>Qu\u1ea3n l\u00fd v\u00e0 ch\u1ecbu tr\u00e1ch nhi\u1ec7m v\u1ec1 nguy\u00ean li\u1ec7u, nh\u00e2n vi\u00ean, kh\u00e1ch h\u00e0ng v\u00e0 c\u00e1c v\u1ea5n \u0111\u1ec1 li\u00ean quan \u0111\u1ebfn c\u1eeda h\u00e0ng.<\/li><li>Ki\u1ec3m tra, giao vi\u1ec7c, \u0111\u1ed1c th\u00fac nh\u00e2n vi\u00ean; l\u01b0u t\u00e2m nh\u1eefng g\u00f3p \u00fd v\u00e0 t\u1ea1o \u0111\u1ed9ng l\u1ef1c cho nh\u00e2n vi\u00ean<\/li><li>\u0110\u00e0o t\u1ea1o v\u00e0 theo d\u00f5i nh\u00e2n vi\u00ean m\u1edbi trong vi\u1ec7c b\u00e1n v\u00e0 ch\u0103m s\u00f3c kh\u00e1ch h\u00e0ng<\/li><li>\u0110\u1ea3m b\u1ea3o s\u1ed1 l\u01b0\u1ee3ng, ch\u1ea5t l\u01b0\u1ee3ng v\u00e0 d\u1ecbch v\u1ee5 \u0111\u1ec3 \u0111\u00e1p \u1ee9ng nhu c\u1ea7u kh\u00e1ch h\u00e0ng<\/li><li>Qu\u1ea3n l\u00fd h\u00e0ng h\u00f3a, xu\u1ea5t nh\u1eadp t\u1ed3n.<\/li><li>B\u00e1o c\u00e1o t\u00ecnh h\u00ecnh kinh doanh c\u1ee7a c\u1eeda h\u00e0ng theo tu\u1ea7n\/th\u00e1ng<\/li><li>H\u1ed7 tr\u1ee3 x\u00e2y d\u1ef1ng chi\u1ebfn l\u01b0\u1ee3c ph\u00e1t tri\u1ec3n kinh doanh cho c\u1eeda h\u00e0ng.<\/li><li>C\u00e1c nhi\u1ec7m v\u1ee5 kh\u00e1c theo s\u1ef1 ph\u00e2n c\u00f4ng c\u1ee7a c\u1ea5p tr\u00ean.<br \/><ol start=\"2\"><li><strong>Y\u00eau c\u1ea7u C\u00f4ng vi\u1ec7c:<\/strong><\/li><\/ol><\/li><li>C\u00f3 kinh nghi\u1ec7m qu\u1ea3n l\u00fd qu\u00e1n caf\u00e9, chu\u1ed7i c\u1eeda h\u00e0ng tr\u00ean 02 n\u0103m<\/li><li>Trung th\u1ef1c, tr\u00e1ch nhi\u1ec7m, ch\u1ee7 \u0111\u1ed9ng v\u00e0 ch\u1ecbu \u0111\u01b0\u1ee3c \u00e1p l\u1ef1c<\/li><li>K\u1ef9 n\u0103ng pha ch\u1ebf.<\/li><li>K\u1ef9 n\u0103ng qu\u1ea3n l\u00fd nh\u00e2n s\u1ef1.<\/li><li>K\u1ef9 n\u0103ng giao ti\u1ebfp.<\/li><li>K\u1ef9 n\u0103ng l\u1eadp k\u1ebf ho\u1ea1ch.<\/li><li>K\u1ef9 n\u0103ng x\u1eed l\u00fd t\u00ecnh hu\u1ed1ng.<br \/><ol start=\"3\"><li><strong>Quy\u1ec1n l\u1ee3i<\/strong><\/li><\/ol><\/li><li>\u0110\u01b0\u1ee3c h\u01b0\u1edfng ch\u1ebf \u0111\u1ed9 l\u01b0\u01a1ng, th\u01b0\u1edfng, l\u1ec5 t\u1ebft nh\u00e2n l\u01b0\u01a1ng<\/li><li>\u0110\u01b0\u1ee3c \u0111\u00e0o t\u1ea1o v\u00e0 ph\u00e1t tri\u1ec3n trong m\u00f4i tr\u01b0\u1eddng s\u00e1ng t\u1ea1o, n\u0103ng \u0111\u1ed9ng<\/li><li>C\u00f3 c\u01a1 h\u1ed9i th\u0103ng ti\u1ebfn trong c\u00f4ng vi\u1ec7c<\/li><li>\u0110\u00f3ng BHXH theo lu\u1eadt hi\u1ec7n h\u00e0nh<\/li><\/ul><p>\u00a0<strong>\u1ee8ng tuy\u1ec3n ngay t\u1ea1i \u0111\u00e2y<\/strong>: <a href=\"https:\/\/hakicovn.sg.larksuite.com\/share\/base\/form\/shrlg1VCb1pCMRHG0d4qAB1C02f?utm_campaign=zalo&amp;utm_medium=zalo&amp;utm_source=zalo&amp;zarsrc=1303\" target=\"_blank\" rel=\"noopener\">https:\/\/hakicovn.sg.larksuite.com\/share\/base\/form\/shrlg1VCb1pCMRHG0d4qAB1C02f?utm_campaign=zalo&amp;utm_medium=zalo&amp;utm_source=zalo&amp;zarsrc=1303<\/a><\/p><p>\u00a0<strong>Li\u00ean h\u1ec7<\/strong>:\u00a0<span style=\"color: #080809; font-family: system-ui, -apple-system, 'system-ui', '.SFNSText-Regular', sans-serif; font-size: 15px; white-space-collapse: preserve;\">0379 05 03 19<\/span><\/p>\t\t\t\t\t\t\t\t<\/div>\n\t\t\t\t<\/div>\n\t\t\t\t<div class=\"elementor-element elementor-element-a28802b elementor-align-center elementor-widget elementor-widget-button\" data-id=\"a28802b\" data-element_type=\"widget\" data-e-type=\"widget\" data-widget_type=\"button.default\">\n\t\t\t\t<div class=\"elementor-widget-container\">\n\t\t\t\t\t\t\t\t\t<div class=\"elementor-button-wrapper\">\n\t\t\t\t\t<a class=\"elementor-button elementor-button-link elementor-size-sm\" href=\"https:\/\/hakicovn.sg.larksuite.com\/share\/base\/form\/shrlg8nAaUw5jQ6AESq7YXUxITb\" target=\"_blank\" rel=\"noopener\">\n\t\t\t\t\t\t<span class=\"elementor-button-content-wrapper\">\n\t\t\t\t\t\t\t\t\t<span class=\"elementor-button-text\">\u1ee8ng tuy\u1ec3n t\u1ea1i \u0111\u00e2y<\/span>\n\t\t\t\t\t<\/span>\n\t\t\t\t\t<\/a>\n\t\t\t\t<\/div>\n\t\t\t\t\t\t\t\t<\/div>\n\t\t\t\t<\/div>\n\t\t\t\t<div class=\"elementor-element elementor-element-0e65331 elementor-widget elementor-widget-heading\" data-id=\"0e65331\" data-element_type=\"widget\" data-e-type=\"widget\" data-widget_type=\"heading.default\">\n\t\t\t\t<div class=\"elementor-widget-container\">\n\t\t\t\t\t<h2 class=\"elementor-heading-title elementor-size-default\">NH\u00c2N VI\u00caN FULLTIME\/CAPTAIN \u2013 KH\u1ed0I C\u1eecA H\u00c0NG<\/h2>\t\t\t\t<\/div>\n\t\t\t\t<\/div>\n\t\t\t\t<div class=\"elementor-element elementor-element-e90bc24 elementor-widget elementor-widget-text-editor\" data-id=\"e90bc24\" data-element_type=\"widget\" data-e-type=\"widget\" data-widget_type=\"text-editor.default\">\n\t\t\t\t<div class=\"elementor-widget-container\">\n\t\t\t\t\t\t\t\t\t<ul><li>Th\u1eddi gian l\u00e0m vi\u1ec7c: 8 ti\u1ebfng\/ng\u00e0y \u2013 ca xoay<\/li><li>Ng\u00e0y ngh\u1ec9: 1 th\u00e1ng ngh\u1ec9 4 ng\u00e0y (kh\u00f4ng ngh\u1ec9 c\u00e1c ng\u00e0y cu\u1ed1i tu\u1ea7n, c\u00e1c ng\u00e0y l\u1ec5 T\u1ebft)<\/li><li>Ph\u00fac l\u1ee3i: th\u01b0\u1edfng doanh s\u1ed1, KPI, BHXH, th\u01b0\u1edfng th\u00e1ng 13.<\/li><li>H\u1ec7 th\u1ed1ng Ch\u1ea1m-Caf\u00e9 &amp; Kem B\u01a1:<\/li><\/ul><ul><li style=\"list-style-type: none;\"><ul><li>KHU V\u1ef0C \u0110\u00c0 L\u1ea0T:<ul><li>\u00a0<span style=\"color: #080809; font-family: system-ui, -apple-system, 'system-ui', '.SFNSText-Regular', sans-serif; font-size: 15px; white-space-collapse: preserve;\">CH\u1ea0M Ga \u0110\u00e0 L\u1ea1t: 27 Nguy\u1ec5n Tr\u00e3i (\u0110\u1ed1i di\u1ec7n Ga \u0110\u00e0 L\u1ea1t)<\/span><\/li><li>CH\u1ea0M Khu Ho\u00e0 B\u00ecnh: 08 Khu H\u00f2a B\u00ecnh (g\u1ea7n Ch\u1ee3 \u0110\u00e0 L\u1ea1t)<\/li><li>CH\u1ea0M GO! \u0110\u00e0 L\u1ea1t: TTTM GO! \u0110\u00e0 L\u1ea1t (Qu\u1ea3ng tr\u01b0\u1eddng L\u00e2m Vi\u00ean)<\/li><\/ul><\/li><li>KHU V\u1ef0C TPHCM:<ul><li>CH\u1ea0M Phan X\u00edch Long: 43 Hoa H\u1ed3ng &#8211; P. C\u1ea7u Ki\u1ec7u &#8211; TPHCM<\/li><li>CH\u1ea0M Celadon: S2.0.23 Diamond Alnata Plus, P. T\u00e2n S\u01a1n Nh\u00ec, TPHCM<\/li><li>CH\u1ea0M Th\u1ea3o \u0110i\u1ec1n: 42 Ng\u00f4 Quang Huy, P. An Kh\u00e1nh, TPHCM<\/li><li>CH\u1ea0M C\u1ed9ng Ho\u00e0: 18 C\u1ed9ng Ho\u00e0, P. T\u00e2n S\u01a1n Nh\u1ea5t, TPHCM<\/li><\/ul><\/li><li>KHU V\u1ef0C NHA TRANG:<ul><li>CH\u1ea0M Gold Coast: T\u1ea7ng 3 TTTM Gold Coast Nha Trang<\/li><li>CH\u1ea0M B\u1ea1ch \u0110\u1eb1ng: 83 B\u1ea1ch \u0110\u1eb1ng &#8211; P. Nha Trang<\/li><\/ul><\/li><\/ul><\/li><\/ul><p><strong>Form \u1ee9ng tuy\u1ec3n:<\/strong> <a href=\"https:\/\/hakicovn.sg.larksuite.com\/share\/base\/form\/shrlg1VCb1pCMRHG0d4qAB1C02f?utm_campaign=zalo&amp;utm_medium=zalo&amp;utm_source=zalo&amp;zarsrc=1303\" target=\"_blank\" rel=\"noopener\">https:\/\/hakicovn.sg.larksuite.com\/share\/base\/form\/shrlg1VCb1pCMRHG0d4qAB1C02f?utm_campaign=zalo&amp;utm_medium=zalo&amp;utm_source=zalo&amp;zarsrc=1303<\/a><\/p>\t\t\t\t\t\t\t\t<\/div>\n\t\t\t\t<\/div>\n\t\t\t\t<div class=\"elementor-element elementor-element-75a8897 elementor-align-center elementor-widget elementor-widget-button\" data-id=\"75a8897\" data-element_type=\"widget\" data-e-type=\"widget\" data-widget_type=\"button.default\">\n\t\t\t\t<div class=\"elementor-widget-container\">\n\t\t\t\t\t\t\t\t\t<div class=\"elementor-button-wrapper\">\n\t\t\t\t\t<a class=\"elementor-button elementor-button-link elementor-size-sm\" href=\"#\">\n\t\t\t\t\t\t<span class=\"elementor-button-content-wrapper\">\n\t\t\t\t\t\t\t\t\t<span class=\"elementor-button-text\">\u1ee8ng tuy\u1ec3n t\u1ea1i \u0111\u00e2y<\/span>\n\t\t\t\t\t<\/span>\n\t\t\t\t\t<\/a>\n\t\t\t\t<\/div>\n\t\t\t\t\t\t\t\t<\/div>\n\t\t\t\t<\/div>\n\t\t\t\t<div class=\"elementor-element elementor-element-b105226 elementor-widget elementor-widget-heading\" data-id=\"b105226\" data-element_type=\"widget\" data-e-type=\"widget\" data-widget_type=\"heading.default\">\n\t\t\t\t<div class=\"elementor-widget-container\">\n\t\t\t\t\t<h2 class=\"elementor-heading-title elementor-size-default\">NH\u00c2N VI\u00caN PART TIME-KH\u1ed0I C\u1eecA H\u00c0NG <\/h2>\t\t\t\t<\/div>\n\t\t\t\t<\/div>\n\t\t\t\t<div class=\"elementor-element elementor-element-927d93a elementor-align-center elementor-widget elementor-widget-button\" data-id=\"927d93a\" data-element_type=\"widget\" data-e-type=\"widget\" data-widget_type=\"button.default\">\n\t\t\t\t<div class=\"elementor-widget-container\">\n\t\t\t\t\t\t\t\t\t<div class=\"elementor-button-wrapper\">\n\t\t\t\t\t<a class=\"elementor-button elementor-button-link elementor-size-sm\" href=\"\">\n\t\t\t\t\t\t<span class=\"elementor-button-content-wrapper\">\n\t\t\t\t\t\t\t\t\t<span class=\"elementor-button-text\">\u1ee8ng tuy\u1ec3n t\u1ea1i \u0111\u00e2y<\/span>\n\t\t\t\t\t<\/span>\n\t\t\t\t\t<\/a>\n\t\t\t\t<\/div>\n\t\t\t\t\t\t\t\t<\/div>\n\t\t\t\t<\/div>\n\t\t\t\t<div class=\"elementor-element elementor-element-35527e7 elementor-widget elementor-widget-text-editor\" data-id=\"35527e7\" data-element_type=\"widget\" data-e-type=\"widget\" data-widget_type=\"text-editor.default\">\n\t\t\t\t<div class=\"elementor-widget-container\">\n\t\t\t\t\t\t\t\t\t<ul><li>Th\u1eddi gian l\u00e0m vi\u1ec7c: ca xoay 5 ti\u1ebfng\/ca (l\u00e0m \u0111\u01b0\u1ee3c c\u00e1c ng\u00e0y cu\u1ed1i tu\u1ea7n, l\u1ec5 T\u1ebft)<\/li><\/ul><ul><li style=\"list-style-type: none;\"><ul><li>Ca 1: 7h-12h<\/li><li>Ca 2: 12h-17h<\/li><li>Ca 3: 17h-22h30<\/li><\/ul><\/li><li>Ph\u00fac l\u1ee3i: th\u01b0\u1edfng doanh s\u1ed1, KPI, sinh nh\u1eadt,,,,<\/li><li>H\u1ec7 th\u1ed1ng Ch\u1ea1m-Caf\u00e9 &amp; Kem B\u01a1<ul><li>KHU V\u1ef0C \u0110\u00c0 L\u1ea0T:<ul><li>\u00a0<span style=\"color: #080809; font-family: system-ui, -apple-system, 'system-ui', '.SFNSText-Regular', sans-serif; font-size: 15px; white-space-collapse: preserve;\">CH\u1ea0M Ga \u0110\u00e0 L\u1ea1t: 27 Nguy\u1ec5n Tr\u00e3i (\u0110\u1ed1i di\u1ec7n Ga \u0110\u00e0 L\u1ea1t)<\/span><\/li><li>CH\u1ea0M Khu Ho\u00e0 B\u00ecnh: 08 Khu H\u00f2a B\u00ecnh (g\u1ea7n Ch\u1ee3 \u0110\u00e0 L\u1ea1t)<\/li><li>CH\u1ea0M GO! \u0110\u00e0 L\u1ea1t: TTTM GO! \u0110\u00e0 L\u1ea1t (Qu\u1ea3ng tr\u01b0\u1eddng L\u00e2m Vi\u00ean)<\/li><\/ul><\/li><li>KHU V\u1ef0C TPHCM:<ul><li>CH\u1ea0M Phan X\u00edch Long: 43 Hoa H\u1ed3ng &#8211; P. C\u1ea7u Ki\u1ec7u &#8211; TPHCM<\/li><li>CH\u1ea0M Celadon: S2.0.23 Diamond Alnata Plus, P. T\u00e2n S\u01a1n Nh\u00ec, TPHCM<\/li><li>CH\u1ea0M Th\u1ea3o \u0110i\u1ec1n: 42 Ng\u00f4 Quang Huy, P. An Kh\u00e1nh, TPHCM<\/li><li>CH\u1ea0M C\u1ed9ng Ho\u00e0: 18 C\u1ed9ng Ho\u00e0, P. T\u00e2n S\u01a1n Nh\u1ea5t, TPHCM<\/li><\/ul><\/li><li>KHU V\u1ef0C NHA TRANG:<ul><li>CH\u1ea0M Gold Coast: T\u1ea7ng 3 TTTM Gold Coast Nha Trang<\/li><li>CH\u1ea0M B\u1ea1ch \u0110\u1eb1ng: 83 B\u1ea1ch \u0110\u1eb1ng &#8211; P. Nha Trang<\/li><\/ul><\/li><\/ul><\/li><li><p><strong>Form \u1ee9ng tuy\u1ec3n:<\/strong>\u00a0<a href=\"https:\/\/hakicovn.sg.larksuite.com\/share\/base\/form\/shrlg1VCb1pCMRHG0d4qAB1C02f?utm_campaign=zalo&amp;utm_medium=zalo&amp;utm_source=zalo&amp;zarsrc=1303\" target=\"_blank\" rel=\"noopener\">https:\/\/hakicovn.sg.larksuite.com\/share\/base\/form\/shrlg1VCb1pCMRHG0d4qAB1C02f?utm_campaign=zalo&amp;utm_medium=zalo&amp;utm_source=zalo&amp;zarsrc=1303<\/a><\/p><\/li><\/ul>\t\t\t\t\t\t\t\t<\/div>\n\t\t\t\t<\/div>\n\t\t\t\t\t<\/div>\n\t\t\t\t<\/div>\n\t\t<div class=\"elementor-element elementor-element-23b9402 e-grid e-con-boxed e-con e-parent\" data-id=\"23b9402\" data-element_type=\"container\" data-e-type=\"container\">\n\t\t\t\t\t<div class=\"e-con-inner\">\n\t\t\t\t<div class=\"elementor-element elementor-element-5521b5c elementor-widget elementor-widget-image\" data-id=\"5521b5c\" data-element_type=\"widget\" data-e-type=\"widget\" data-widget_type=\"image.default\">\n\t\t\t\t<div class=\"elementor-widget-container\">\n\t\t\t\t\t\t\t\t\t\t\t\t\t\t\t<img decoding=\"async\" width=\"800\" height=\"534\" src=\"https:\/\/chamdalat.vn\/wp-content\/uploads\/2024\/10\/z5895902976151_12b421d71899f85cf9df045fb60ae2c9-1024x683.jpg\" class=\"attachment-large size-large wp-image-2433\" alt=\"\" srcset=\"https:\/\/chamdalat.vn\/wp-content\/uploads\/2024\/10\/z5895902976151_12b421d71899f85cf9df045fb60ae2c9-1024x683.jpg 1024w, https:\/\/chamdalat.vn\/wp-content\/uploads\/2024\/10\/z5895902976151_12b421d71899f85cf9df045fb60ae2c9-300x200.jpg 300w, https:\/\/chamdalat.vn\/wp-content\/uploads\/2024\/10\/z5895902976151_12b421d71899f85cf9df045fb60ae2c9-768x512.jpg 768w, https:\/\/chamdalat.vn\/wp-content\/uploads\/2024\/10\/z5895902976151_12b421d71899f85cf9df045fb60ae2c9-1536x1024.jpg 1536w, https:\/\/chamdalat.vn\/wp-content\/uploads\/2024\/10\/z5895902976151_12b421d71899f85cf9df045fb60ae2c9-2048x1366.jpg 2048w, https:\/\/chamdalat.vn\/wp-content\/uploads\/2024\/10\/z5895902976151_12b421d71899f85cf9df045fb60ae2c9-18x12.jpg 18w\" sizes=\"(max-width: 800px) 100vw, 800px\">\t\t\t\t\t\t\t\t\t\t\t\t\t\t\t<\/div>\n\t\t\t\t<\/div>\n\t\t\t\t<div class=\"elementor-element elementor-element-8e4aeb7 elementor-widget elementor-widget-image\" data-id=\"8e4aeb7\" data-element_type=\"widget\" data-e-type=\"widget\" data-widget_type=\"image.default\">\n\t\t\t\t<div class=\"elementor-widget-container\">\n\t\t\t\t\t\t\t\t\t\t\t\t\t\t\t<img decoding=\"async\" width=\"800\" height=\"534\" src=\"https:\/\/chamdalat.vn\/wp-content\/uploads\/2024\/10\/z5895903360846_8f7e8d2f530ea193dc0e32e7079c2341-1024x683.jpg\" class=\"attachment-large size-large wp-image-2435\" alt=\"\" srcset=\"https:\/\/chamdalat.vn\/wp-content\/uploads\/2024\/10\/z5895903360846_8f7e8d2f530ea193dc0e32e7079c2341-1024x683.jpg 1024w, https:\/\/chamdalat.vn\/wp-content\/uploads\/2024\/10\/z5895903360846_8f7e8d2f530ea193dc0e32e7079c2341-300x200.jpg 300w, https:\/\/chamdalat.vn\/wp-content\/uploads\/2024\/10\/z5895903360846_8f7e8d2f530ea193dc0e32e7079c2341-768x512.jpg 768w, https:\/\/chamdalat.vn\/wp-content\/uploads\/2024\/10\/z5895903360846_8f7e8d2f530ea193dc0e32e7079c2341-1536x1024.jpg 1536w, https:\/\/chamdalat.vn\/wp-content\/uploads\/2024\/10\/z5895903360846_8f7e8d2f530ea193dc0e32e7079c2341-2048x1366.jpg 2048w, https:\/\/chamdalat.vn\/wp-content\/uploads\/2024\/10\/z5895903360846_8f7e8d2f530ea193dc0e32e7079c2341-18x12.jpg 18w\" sizes=\"(max-width: 800px) 100vw, 800px\">\t\t\t\t\t\t\t\t\t\t\t\t\t\t\t<\/div>\n\t\t\t\t<\/div>\n\t\t\t\t<div class=\"elementor-element elementor-element-e4d1f52 elementor-widget elementor-widget-image\" data-id=\"e4d1f52\" data-element_type=\"widget\" data-e-type=\"widget\" data-widget_type=\"image.default\">\n\t\t\t\t<div class=\"elementor-widget-container\">\n\t\t\t\t\t\t\t\t\t\t\t\t\t\t\t<img loading=\"lazy\" decoding=\"async\" width=\"800\" height=\"534\" src=\"https:\/\/chamdalat.vn\/wp-content\/uploads\/2024\/10\/z5895918515087_3530e8e15d077ca7fb0e25d83c5595fe-1024x683.jpg\" class=\"attachment-large size-large wp-image-2436\" alt=\"\" srcset=\"https:\/\/chamdalat.vn\/wp-content\/uploads\/2024\/10\/z5895918515087_3530e8e15d077ca7fb0e25d83c5595fe-1024x683.jpg 1024w, https:\/\/chamdalat.vn\/wp-content\/uploads\/2024\/10\/z5895918515087_3530e8e15d077ca7fb0e25d83c5595fe-300x200.jpg 300w, https:\/\/chamdalat.vn\/wp-content\/uploads\/2024\/10\/z5895918515087_3530e8e15d077ca7fb0e25d83c5595fe-768x512.jpg 768w, https:\/\/chamdalat.vn\/wp-content\/uploads\/2024\/10\/z5895918515087_3530e8e15d077ca7fb0e25d83c5595fe-1536x1024.jpg 1536w, https:\/\/chamdalat.vn\/wp-content\/uploads\/2024\/10\/z5895918515087_3530e8e15d077ca7fb0e25d83c5595fe-2048x1366.jpg 2048w, https:\/\/chamdalat.vn\/wp-content\/uploads\/2024\/10\/z5895918515087_3530e8e15d077ca7fb0e25d83c5595fe-18x12.jpg 18w\" sizes=\"(max-width: 800px) 100vw, 800px\">\t\t\t\t\t\t\t\t\t\t\t\t\t\t\t<\/div>\n\t\t\t\t<\/div>\n\t\t\t\t\t<\/div>\n\t\t\t\t<\/div>\n\t\t\t\t<\/div>","protected":false},"excerpt":{"rendered":"<p>QU\u1ea2N L\u00dd C\u1eecA H\u00c0NG M\u00f4 T\u1ea3 C\u00f4ng Vi\u1ec7c Qu\u1ea3n l\u00fd v\u00e0 ch\u1ecbu tr\u00e1ch nhi\u1ec7m v\u1ec1 nguy\u00ean li\u1ec7u, nh\u00e2n vi\u00ean, kh\u00e1ch h\u00e0ng v\u00e0 c\u00e1c v\u1ea5n \u0111\u1ec1 li\u00ean quan \u0111\u1ebfn c\u1eeda h\u00e0ng. Ki\u1ec3m tra, giao vi\u1ec7c, \u0111\u1ed1c th\u00fac nh\u00e2n vi\u00ean; l\u01b0u t\u00e2m nh\u1eefng g\u00f3p \u00fd v\u00e0 t\u1ea1o \u0111\u1ed9ng l\u1ef1c cho nh\u00e2n vi\u00ean \u0110\u00e0o t\u1ea1o v\u00e0 theo d\u00f5i [&hellip;]<\/p>","protected":false},"author":3,"featured_media":0,"parent":0,"menu_order":0,"comment_status":"closed","ping_status":"closed","template":"","meta":{"_acf_changed":false,"footnotes":""},"class_list":["post-2431","page","type-page","status-publish","hentry"],"acf":[],"_links":{"self":[{"href":"https:\/\/chamdalat.vn\/en\/wp-json\/wp\/v2\/pages\/2431","targetHints":{"allow":["GET"]}}],"collection":[{"href":"https:\/\/chamdalat.vn\/en\/wp-json\/wp\/v2\/pages"}],"about":[{"href":"https:\/\/chamdalat.vn\/en\/wp-json\/wp\/v2\/types\/page"}],"author":[{"embeddable":true,"href":"https:\/\/chamdalat.vn\/en\/wp-json\/wp\/v2\/users\/3"}],"replies":[{"embeddable":true,"href":"https:\/\/chamdalat.vn\/en\/wp-json\/wp\/v2\/comments?post=2431"}],"version-history":[{"count":9,"href":"https:\/\/chamdalat.vn\/en\/wp-json\/wp\/v2\/pages\/2431\/revisions"}],"predecessor-version":[{"id":2877,"href":"https:\/\/chamdalat.vn\/en\/wp-json\/wp\/v2\/pages\/2431\/revisions\/2877"}],"wp:attachment":[{"href":"https:\/\/chamdalat.vn\/en\/wp-json\/wp\/v2\/media?parent=2431"}],"curies":[{"name":"wp","href":"https:\/\/api.w.org\/{rel}","templated":true}]}}