{"id":1424,"date":"2023-12-05T09:33:07","date_gmt":"2023-12-05T09:33:07","guid":{"rendered":"https:\/\/chamdalat.vn\/?page_id=1424"},"modified":"2025-07-29T11:03:24","modified_gmt":"2025-07-29T04:03:24","slug":"cua-hang","status":"publish","type":"page","link":"https:\/\/chamdalat.vn\/en\/cua-hang\/","title":{"rendered":"C\u1eeda h\u00e0ng"},"content":{"rendered":"<div data-elementor-type=\"wp-page\" data-elementor-id=\"1424\" class=\"elementor elementor-1424\" data-elementor-post-type=\"page\">\n\t\t\t\t<div class=\"elementor-element elementor-element-3189c88 e-flex e-con-boxed e-con e-parent\" data-id=\"3189c88\" data-element_type=\"container\" data-e-type=\"container\">\n\t\t\t\t\t<div class=\"e-con-inner\">\n\t\t<div class=\"elementor-element elementor-element-5aa08da e-con-full e-flex e-con e-child\" data-id=\"5aa08da\" data-element_type=\"container\" data-e-type=\"container\">\n\t\t\t\t<div class=\"elementor-element elementor-element-c385fb5 elementor-widget elementor-widget-image\" data-id=\"c385fb5\" data-element_type=\"widget\" data-e-type=\"widget\" data-widget_type=\"image.default\">\n\t\t\t\t<div class=\"elementor-widget-container\">\n\t\t\t\t\t\t\t\t\t\t\t\t\t\t\t<img decoding=\"async\" width=\"24\" height=\"21\" src=\"https:\/\/chamdalat.vn\/wp-content\/uploads\/2023\/12\/icon_store.svg\" class=\"attachment-full size-full wp-image-1433\" alt=\"\">\t\t\t\t\t\t\t\t\t\t\t\t\t\t\t<\/div>\n\t\t\t\t<\/div>\n\t\t\t\t<\/div>\n\t\t<div class=\"elementor-element elementor-element-308f4d5 e-con-full e-flex e-con e-child\" data-id=\"308f4d5\" data-element_type=\"container\" data-e-type=\"container\">\n\t\t\t\t<div class=\"elementor-element elementor-element-f112380 elementor-widget elementor-widget-heading\" data-id=\"f112380\" data-element_type=\"widget\" data-e-type=\"widget\" data-widget_type=\"heading.default\">\n\t\t\t\t<div class=\"elementor-widget-container\">\n\t\t\t\t\t<div class=\"elementor-heading-title elementor-size-default\">KHU V\u1ef0C TH\u00c0NH PH\u1ed0 \u0110\u00c0 L\u1ea0T<\/div>\t\t\t\t<\/div>\n\t\t\t\t<\/div>\n\t\t\t\t<\/div>\n\t\t<div class=\"elementor-element elementor-element-653dfb4 e-con-full e-flex e-con e-child\" data-id=\"653dfb4\" data-element_type=\"container\" data-e-type=\"container\">\n\t\t\t\t<\/div>\n\t\t\t\t\t<\/div>\n\t\t\t\t<\/div>\n\t\t<div class=\"elementor-element elementor-element-884da55 e-flex e-con-boxed e-con e-parent\" data-id=\"884da55\" data-element_type=\"container\" data-e-type=\"container\">\n\t\t\t\t\t<div class=\"e-con-inner\">\n\t\t<div class=\"elementor-element elementor-element-2e88d30 e-con-full e-flex e-con e-child\" data-id=\"2e88d30\" data-element_type=\"container\" data-e-type=\"container\">\n\t\t\t\t<div class=\"elementor-element elementor-element-1b4e919 elementor-widget elementor-widget-image\" data-id=\"1b4e919\" data-element_type=\"widget\" data-e-type=\"widget\" data-widget_type=\"image.default\">\n\t\t\t\t<div class=\"elementor-widget-container\">\n\t\t\t\t\t\t\t\t\t\t\t\t\t\t\t<img decoding=\"async\" width=\"24\" height=\"21\" src=\"https:\/\/chamdalat.vn\/wp-content\/uploads\/2023\/12\/icon_store.svg\" class=\"attachment-full size-full wp-image-1433\" alt=\"\">\t\t\t\t\t\t\t\t\t\t\t\t\t\t\t<\/div>\n\t\t\t\t<\/div>\n\t\t\t\t<\/div>\n\t\t<div class=\"elementor-element elementor-element-84692da e-con-full e-flex e-con e-child\" data-id=\"84692da\" data-element_type=\"container\" data-e-type=\"container\">\n\t\t\t\t<div class=\"elementor-element elementor-element-e9dd29a elementor-widget elementor-widget-heading\" data-id=\"e9dd29a\" data-element_type=\"widget\" data-e-type=\"widget\" data-widget_type=\"heading.default\">\n\t\t\t\t<div class=\"elementor-widget-container\">\n\t\t\t\t\t<div class=\"elementor-heading-title elementor-size-default\">CH\u1ea0M Ga \u0110\u00e0 L\u1ea1t: 27 Nguy\u1ec5n Tr\u00e3i, P. L\u00e2m Vi\u00ean, TP. \u0110\u00e0 L\u1ea1t<\/div>\t\t\t\t<\/div>\n\t\t\t\t<\/div>\n\t\t\t\t<\/div>\n\t\t<div class=\"elementor-element elementor-element-84436ea e-con-full e-flex e-con e-child\" data-id=\"84436ea\" data-element_type=\"container\" data-e-type=\"container\">\n\t\t\t\t<div class=\"elementor-element elementor-element-7ca8599 elementor-align-right elementor-widget elementor-widget-button\" data-id=\"7ca8599\" data-element_type=\"widget\" data-e-type=\"widget\" data-widget_type=\"button.default\">\n\t\t\t\t<div class=\"elementor-widget-container\">\n\t\t\t\t\t\t\t\t\t<div class=\"elementor-button-wrapper\">\n\t\t\t\t\t<a class=\"elementor-button elementor-button-link elementor-size-sm\" href=\"https:\/\/maps.app.goo.gl\/p1zch61RwPMF3D72A\" target=\"_blank\" rel=\"nofollow noopener\">\n\t\t\t\t\t\t<span class=\"elementor-button-content-wrapper\">\n\t\t\t\t\t\t\t\t\t<span class=\"elementor-button-text\">Ch\u1ec9 \u0111\u01b0\u1eddng<\/span>\n\t\t\t\t\t<\/span>\n\t\t\t\t\t<\/a>\n\t\t\t\t<\/div>\n\t\t\t\t\t\t\t\t<\/div>\n\t\t\t\t<\/div>\n\t\t\t\t<\/div>\n\t\t\t\t\t<\/div>\n\t\t\t\t<\/div>\n\t\t<div class=\"elementor-element elementor-element-1ddb2a8 e-flex e-con-boxed e-con e-parent\" data-id=\"1ddb2a8\" data-element_type=\"container\" data-e-type=\"container\">\n\t\t\t\t\t<div class=\"e-con-inner\">\n\t\t<div class=\"elementor-element elementor-element-3cf8084 e-con-full e-flex e-con e-child\" data-id=\"3cf8084\" data-element_type=\"container\" data-e-type=\"container\">\n\t\t\t\t<div class=\"elementor-element elementor-element-119d306 elementor-widget elementor-widget-image\" data-id=\"119d306\" data-element_type=\"widget\" data-e-type=\"widget\" data-widget_type=\"image.default\">\n\t\t\t\t<div class=\"elementor-widget-container\">\n\t\t\t\t\t\t\t\t\t\t\t\t\t\t\t<img decoding=\"async\" width=\"24\" height=\"21\" src=\"https:\/\/chamdalat.vn\/wp-content\/uploads\/2023\/12\/icon_store.svg\" class=\"attachment-full size-full wp-image-1433\" alt=\"\">\t\t\t\t\t\t\t\t\t\t\t\t\t\t\t<\/div>\n\t\t\t\t<\/div>\n\t\t\t\t<\/div>\n\t\t<div class=\"elementor-element elementor-element-1859286 e-con-full e-flex e-con e-child\" data-id=\"1859286\" data-element_type=\"container\" data-e-type=\"container\">\n\t\t\t\t<div class=\"elementor-element elementor-element-7fdc06e elementor-widget elementor-widget-heading\" data-id=\"7fdc06e\" data-element_type=\"widget\" data-e-type=\"widget\" data-widget_type=\"heading.default\">\n\t\t\t\t<div class=\"elementor-widget-container\">\n\t\t\t\t\t<div class=\"elementor-heading-title elementor-size-default\">CH\u1ea0M Khu Ho\u00e0 B\u00ecnh: 8 Khu Ho\u00e0 B\u00ecnh, P. Xu\u00e2n H\u01b0\u01a1ng, TP. \u0110\u00e0 L\u1ea1t<\/div>\t\t\t\t<\/div>\n\t\t\t\t<\/div>\n\t\t\t\t<\/div>\n\t\t<div class=\"elementor-element elementor-element-bd4317b e-con-full e-flex e-con e-child\" data-id=\"bd4317b\" data-element_type=\"container\" data-e-type=\"container\">\n\t\t\t\t<div class=\"elementor-element elementor-element-f93a0c7 elementor-align-right elementor-widget elementor-widget-button\" data-id=\"f93a0c7\" data-element_type=\"widget\" data-e-type=\"widget\" data-widget_type=\"button.default\">\n\t\t\t\t<div class=\"elementor-widget-container\">\n\t\t\t\t\t\t\t\t\t<div class=\"elementor-button-wrapper\">\n\t\t\t\t\t<a class=\"elementor-button elementor-button-link elementor-size-sm\" href=\"https:\/\/maps.app.goo.gl\/ZkDdWHz88rgm61kn8\" target=\"_blank\" rel=\"nofollow noopener\">\n\t\t\t\t\t\t<span class=\"elementor-button-content-wrapper\">\n\t\t\t\t\t\t\t\t\t<span class=\"elementor-button-text\">Ch\u1ec9 \u0111\u01b0\u1eddng<\/span>\n\t\t\t\t\t<\/span>\n\t\t\t\t\t<\/a>\n\t\t\t\t<\/div>\n\t\t\t\t\t\t\t\t<\/div>\n\t\t\t\t<\/div>\n\t\t\t\t<\/div>\n\t\t\t\t\t<\/div>\n\t\t\t\t<\/div>\n\t\t<div class=\"elementor-element elementor-element-afd5a70 e-flex e-con-boxed e-con e-parent\" data-id=\"afd5a70\" data-element_type=\"container\" data-e-type=\"container\">\n\t\t\t\t\t<div class=\"e-con-inner\">\n\t\t<div class=\"elementor-element elementor-element-4124766 e-con-full e-flex e-con e-child\" data-id=\"4124766\" data-element_type=\"container\" data-e-type=\"container\">\n\t\t\t\t<div class=\"elementor-element elementor-element-c0c4ba5 elementor-widget elementor-widget-image\" data-id=\"c0c4ba5\" data-element_type=\"widget\" data-e-type=\"widget\" data-widget_type=\"image.default\">\n\t\t\t\t<div class=\"elementor-widget-container\">\n\t\t\t\t\t\t\t\t\t\t\t\t\t\t\t<img decoding=\"async\" width=\"24\" height=\"21\" src=\"https:\/\/chamdalat.vn\/wp-content\/uploads\/2023\/12\/icon_store.svg\" class=\"attachment-full size-full wp-image-1433\" alt=\"\">\t\t\t\t\t\t\t\t\t\t\t\t\t\t\t<\/div>\n\t\t\t\t<\/div>\n\t\t\t\t<\/div>\n\t\t<div class=\"elementor-element elementor-element-6ab605d e-con-full e-flex e-con e-child\" data-id=\"6ab605d\" data-element_type=\"container\" data-e-type=\"container\">\n\t\t\t\t<div class=\"elementor-element elementor-element-3a5d152 elementor-widget elementor-widget-heading\" data-id=\"3a5d152\" data-element_type=\"widget\" data-e-type=\"widget\" data-widget_type=\"heading.default\">\n\t\t\t\t<div class=\"elementor-widget-container\">\n\t\t\t\t\t<div class=\"elementor-heading-title elementor-size-default\">CH\u1ea0M GO! \u0110\u00e0 L\u1ea1t: T\u1ea7ng tr\u1ec7t TTTM GO! \u0110\u00e0 L\u1ea1t, TP. \u0110\u00e0 L\u1ea1t<\/div>\t\t\t\t<\/div>\n\t\t\t\t<\/div>\n\t\t\t\t<\/div>\n\t\t<div class=\"elementor-element elementor-element-adb4cff e-con-full e-flex e-con e-child\" data-id=\"adb4cff\" data-element_type=\"container\" data-e-type=\"container\">\n\t\t\t\t<div class=\"elementor-element elementor-element-3d57815 elementor-align-right elementor-widget elementor-widget-button\" data-id=\"3d57815\" data-element_type=\"widget\" data-e-type=\"widget\" data-widget_type=\"button.default\">\n\t\t\t\t<div class=\"elementor-widget-container\">\n\t\t\t\t\t\t\t\t\t<div class=\"elementor-button-wrapper\">\n\t\t\t\t\t<a class=\"elementor-button elementor-button-link elementor-size-sm\" href=\"https:\/\/maps.app.goo.gl\/6HDTqKWfzkDzycKfA\" target=\"_blank\" rel=\"nofollow noopener\">\n\t\t\t\t\t\t<span class=\"elementor-button-content-wrapper\">\n\t\t\t\t\t\t\t\t\t<span class=\"elementor-button-text\">Ch\u1ec9 \u0111\u01b0\u1eddng<\/span>\n\t\t\t\t\t<\/span>\n\t\t\t\t\t<\/a>\n\t\t\t\t<\/div>\n\t\t\t\t\t\t\t\t<\/div>\n\t\t\t\t<\/div>\n\t\t\t\t<\/div>\n\t\t\t\t\t<\/div>\n\t\t\t\t<\/div>\n\t\t<div class=\"elementor-element elementor-element-ffdd28e e-flex e-con-boxed e-con e-parent\" data-id=\"ffdd28e\" data-element_type=\"container\" data-e-type=\"container\">\n\t\t\t\t\t<div class=\"e-con-inner\">\n\t\t<div class=\"elementor-element elementor-element-498be82 e-con-full e-flex e-con e-child\" data-id=\"498be82\" data-element_type=\"container\" data-e-type=\"container\">\n\t\t\t\t<div class=\"elementor-element elementor-element-c2f40ee elementor-widget elementor-widget-image\" data-id=\"c2f40ee\" data-element_type=\"widget\" data-e-type=\"widget\" data-widget_type=\"image.default\">\n\t\t\t\t<div class=\"elementor-widget-container\">\n\t\t\t\t\t\t\t\t\t\t\t\t\t\t\t<img decoding=\"async\" width=\"24\" height=\"21\" src=\"https:\/\/chamdalat.vn\/wp-content\/uploads\/2023\/12\/icon_store.svg\" class=\"attachment-full size-full wp-image-1433\" alt=\"\">\t\t\t\t\t\t\t\t\t\t\t\t\t\t\t<\/div>\n\t\t\t\t<\/div>\n\t\t\t\t<\/div>\n\t\t<div class=\"elementor-element elementor-element-cb28148 e-con-full e-flex e-con e-child\" data-id=\"cb28148\" data-element_type=\"container\" data-e-type=\"container\">\n\t\t\t\t<div class=\"elementor-element elementor-element-d33f13b elementor-widget elementor-widget-heading\" data-id=\"d33f13b\" data-element_type=\"widget\" data-e-type=\"widget\" data-widget_type=\"heading.default\">\n\t\t\t\t<div class=\"elementor-widget-container\">\n\t\t\t\t\t<div class=\"elementor-heading-title elementor-size-default\">KHU V\u1ef0C TH\u00c0NH PH\u1ed0 H\u1ed2 CH\u00cd MINH<\/div>\t\t\t\t<\/div>\n\t\t\t\t<\/div>\n\t\t\t\t<\/div>\n\t\t<div class=\"elementor-element elementor-element-87ff513 e-con-full e-flex e-con e-child\" data-id=\"87ff513\" data-element_type=\"container\" data-e-type=\"container\">\n\t\t\t\t<\/div>\n\t\t\t\t\t<\/div>\n\t\t\t\t<\/div>\n\t\t<div class=\"elementor-element elementor-element-f0d5911 e-flex e-con-boxed e-con e-parent\" data-id=\"f0d5911\" data-element_type=\"container\" data-e-type=\"container\">\n\t\t\t\t\t<div class=\"e-con-inner\">\n\t\t<div class=\"elementor-element elementor-element-107aef8 e-con-full e-flex e-con e-child\" data-id=\"107aef8\" data-element_type=\"container\" data-e-type=\"container\">\n\t\t\t\t<div class=\"elementor-element elementor-element-bcd142f elementor-widget elementor-widget-image\" data-id=\"bcd142f\" data-element_type=\"widget\" data-e-type=\"widget\" data-widget_type=\"image.default\">\n\t\t\t\t<div class=\"elementor-widget-container\">\n\t\t\t\t\t\t\t\t\t\t\t\t\t\t\t<img decoding=\"async\" width=\"24\" height=\"21\" src=\"https:\/\/chamdalat.vn\/wp-content\/uploads\/2023\/12\/icon_store.svg\" class=\"attachment-full size-full wp-image-1433\" alt=\"\">\t\t\t\t\t\t\t\t\t\t\t\t\t\t\t<\/div>\n\t\t\t\t<\/div>\n\t\t\t\t<\/div>\n\t\t<div class=\"elementor-element elementor-element-ecfa5c1 e-con-full e-flex e-con e-child\" data-id=\"ecfa5c1\" data-element_type=\"container\" data-e-type=\"container\">\n\t\t\t\t<div class=\"elementor-element elementor-element-11835e8 elementor-widget elementor-widget-heading\" data-id=\"11835e8\" data-element_type=\"widget\" data-e-type=\"widget\" data-widget_type=\"heading.default\">\n\t\t\t\t<div class=\"elementor-widget-container\">\n\t\t\t\t\t<div class=\"elementor-heading-title elementor-size-default\">CH\u1ea0M Phan X\u00edch Long: 43 Hoa H\u1ed3ng, P. C\u1ea7u Ki\u1ec7u, TP.HCM<\/div>\t\t\t\t<\/div>\n\t\t\t\t<\/div>\n\t\t\t\t<\/div>\n\t\t<div class=\"elementor-element elementor-element-1b0a9ad e-con-full e-flex e-con e-child\" data-id=\"1b0a9ad\" data-element_type=\"container\" data-e-type=\"container\">\n\t\t\t\t<div class=\"elementor-element elementor-element-217087b elementor-align-right elementor-widget elementor-widget-button\" data-id=\"217087b\" data-element_type=\"widget\" data-e-type=\"widget\" data-widget_type=\"button.default\">\n\t\t\t\t<div class=\"elementor-widget-container\">\n\t\t\t\t\t\t\t\t\t<div class=\"elementor-button-wrapper\">\n\t\t\t\t\t<a class=\"elementor-button elementor-button-link elementor-size-sm\" href=\"https:\/\/maps.app.goo.gl\/yxsjWhWZfBTe9Rmw8\" target=\"_blank\" rel=\"nofollow noopener\">\n\t\t\t\t\t\t<span class=\"elementor-button-content-wrapper\">\n\t\t\t\t\t\t\t\t\t<span class=\"elementor-button-text\">Ch\u1ec9 \u0111\u01b0\u1eddng<\/span>\n\t\t\t\t\t<\/span>\n\t\t\t\t\t<\/a>\n\t\t\t\t<\/div>\n\t\t\t\t\t\t\t\t<\/div>\n\t\t\t\t<\/div>\n\t\t\t\t<\/div>\n\t\t\t\t\t<\/div>\n\t\t\t\t<\/div>\n\t\t<div class=\"elementor-element elementor-element-950f68c e-flex e-con-boxed e-con e-parent\" data-id=\"950f68c\" data-element_type=\"container\" data-e-type=\"container\">\n\t\t\t\t\t<div class=\"e-con-inner\">\n\t\t<div class=\"elementor-element elementor-element-7d8233b e-con-full e-flex e-con e-child\" data-id=\"7d8233b\" data-element_type=\"container\" data-e-type=\"container\">\n\t\t\t\t<div class=\"elementor-element elementor-element-14b41df elementor-widget elementor-widget-image\" data-id=\"14b41df\" data-element_type=\"widget\" data-e-type=\"widget\" data-widget_type=\"image.default\">\n\t\t\t\t<div class=\"elementor-widget-container\">\n\t\t\t\t\t\t\t\t\t\t\t\t\t\t\t<img decoding=\"async\" width=\"24\" height=\"21\" src=\"https:\/\/chamdalat.vn\/wp-content\/uploads\/2023\/12\/icon_store.svg\" class=\"attachment-full size-full wp-image-1433\" alt=\"\">\t\t\t\t\t\t\t\t\t\t\t\t\t\t\t<\/div>\n\t\t\t\t<\/div>\n\t\t\t\t<\/div>\n\t\t<div class=\"elementor-element elementor-element-835affd e-con-full e-flex e-con e-child\" data-id=\"835affd\" data-element_type=\"container\" data-e-type=\"container\">\n\t\t\t\t<div class=\"elementor-element elementor-element-18545f1 elementor-widget elementor-widget-heading\" data-id=\"18545f1\" data-element_type=\"widget\" data-e-type=\"widget\" data-widget_type=\"heading.default\">\n\t\t\t\t<div class=\"elementor-widget-container\">\n\t\t\t\t\t<div class=\"elementor-heading-title elementor-size-default\">KHU V\u1ef0C TH\u00c0NH PH\u1ed0 NHA TRANG<\/div>\t\t\t\t<\/div>\n\t\t\t\t<\/div>\n\t\t\t\t<\/div>\n\t\t<div class=\"elementor-element elementor-element-664027f e-con-full e-flex e-con e-child\" data-id=\"664027f\" data-element_type=\"container\" data-e-type=\"container\">\n\t\t\t\t<\/div>\n\t\t\t\t\t<\/div>\n\t\t\t\t<\/div>\n\t\t<div class=\"elementor-element elementor-element-5d1db58 e-flex e-con-boxed e-con e-parent\" data-id=\"5d1db58\" data-element_type=\"container\" data-e-type=\"container\">\n\t\t\t\t\t<div class=\"e-con-inner\">\n\t\t<div class=\"elementor-element elementor-element-c044b77 e-con-full e-flex e-con e-child\" data-id=\"c044b77\" data-element_type=\"container\" data-e-type=\"container\">\n\t\t\t\t<div class=\"elementor-element elementor-element-22120eb elementor-widget elementor-widget-image\" data-id=\"22120eb\" data-element_type=\"widget\" data-e-type=\"widget\" data-widget_type=\"image.default\">\n\t\t\t\t<div class=\"elementor-widget-container\">\n\t\t\t\t\t\t\t\t\t\t\t\t\t\t\t<img decoding=\"async\" width=\"24\" height=\"21\" src=\"https:\/\/chamdalat.vn\/wp-content\/uploads\/2023\/12\/icon_store.svg\" class=\"attachment-full size-full wp-image-1433\" alt=\"\">\t\t\t\t\t\t\t\t\t\t\t\t\t\t\t<\/div>\n\t\t\t\t<\/div>\n\t\t\t\t<\/div>\n\t\t<div class=\"elementor-element elementor-element-46281cc e-con-full e-flex e-con e-child\" data-id=\"46281cc\" data-element_type=\"container\" data-e-type=\"container\">\n\t\t\t\t<div class=\"elementor-element elementor-element-9fd55de elementor-widget elementor-widget-heading\" data-id=\"9fd55de\" data-element_type=\"widget\" data-e-type=\"widget\" data-widget_type=\"heading.default\">\n\t\t\t\t<div class=\"elementor-widget-container\">\n\t\t\t\t\t<div class=\"elementor-heading-title elementor-size-default\">CH\u1ea0M Vinpearl: SHQ2-10, Vinpearl Harbour, TP. Nha Trang<\/div>\t\t\t\t<\/div>\n\t\t\t\t<\/div>\n\t\t\t\t<\/div>\n\t\t<div class=\"elementor-element elementor-element-b9556c0 e-con-full e-flex e-con e-child\" data-id=\"b9556c0\" data-element_type=\"container\" data-e-type=\"container\">\n\t\t\t\t<div class=\"elementor-element elementor-element-0dbe4d5 elementor-align-right elementor-widget elementor-widget-button\" data-id=\"0dbe4d5\" data-element_type=\"widget\" data-e-type=\"widget\" data-widget_type=\"button.default\">\n\t\t\t\t<div class=\"elementor-widget-container\">\n\t\t\t\t\t\t\t\t\t<div class=\"elementor-button-wrapper\">\n\t\t\t\t\t<a class=\"elementor-button elementor-button-link elementor-size-sm\" href=\"https:\/\/maps.app.goo.gl\/mLKbUEz42GRsDtsr6\" target=\"_blank\" rel=\"nofollow noopener\">\n\t\t\t\t\t\t<span class=\"elementor-button-content-wrapper\">\n\t\t\t\t\t\t\t\t\t<span class=\"elementor-button-text\">Ch\u1ec9 \u0111\u01b0\u1eddng<\/span>\n\t\t\t\t\t<\/span>\n\t\t\t\t\t<\/a>\n\t\t\t\t<\/div>\n\t\t\t\t\t\t\t\t<\/div>\n\t\t\t\t<\/div>\n\t\t\t\t<\/div>\n\t\t\t\t\t<\/div>\n\t\t\t\t<\/div>\n\t\t<div class=\"elementor-element elementor-element-17ee52e e-flex e-con-boxed e-con e-parent\" data-id=\"17ee52e\" data-element_type=\"container\" data-e-type=\"container\">\n\t\t\t\t\t<div class=\"e-con-inner\">\n\t\t<div class=\"elementor-element elementor-element-940059b e-con-full e-flex e-con e-child\" data-id=\"940059b\" data-element_type=\"container\" data-e-type=\"container\">\n\t\t\t\t<div class=\"elementor-element elementor-element-9b7a6c3 elementor-widget elementor-widget-image\" data-id=\"9b7a6c3\" data-element_type=\"widget\" data-e-type=\"widget\" data-widget_type=\"image.default\">\n\t\t\t\t<div class=\"elementor-widget-container\">\n\t\t\t\t\t\t\t\t\t\t\t\t\t\t\t<img decoding=\"async\" width=\"24\" height=\"21\" src=\"https:\/\/chamdalat.vn\/wp-content\/uploads\/2023\/12\/icon_store.svg\" class=\"attachment-full size-full wp-image-1433\" alt=\"\">\t\t\t\t\t\t\t\t\t\t\t\t\t\t\t<\/div>\n\t\t\t\t<\/div>\n\t\t\t\t<\/div>\n\t\t<div class=\"elementor-element elementor-element-2639e83 e-con-full e-flex e-con e-child\" data-id=\"2639e83\" data-element_type=\"container\" data-e-type=\"container\">\n\t\t\t\t<div class=\"elementor-element elementor-element-7448ab9 elementor-widget elementor-widget-heading\" data-id=\"7448ab9\" data-element_type=\"widget\" data-e-type=\"widget\" data-widget_type=\"heading.default\">\n\t\t\t\t<div class=\"elementor-widget-container\">\n\t\t\t\t\t<div class=\"elementor-heading-title elementor-size-default\">CH\u1ea0M Gold Coast: T\u1ea7ng 3 TTTM Gold Coast, TP. Nha Trang<\/div>\t\t\t\t<\/div>\n\t\t\t\t<\/div>\n\t\t\t\t<\/div>\n\t\t<div class=\"elementor-element elementor-element-8d8ed3b e-con-full e-flex e-con e-child\" data-id=\"8d8ed3b\" data-element_type=\"container\" data-e-type=\"container\">\n\t\t\t\t<div class=\"elementor-element elementor-element-c6adf47 elementor-align-right elementor-widget elementor-widget-button\" data-id=\"c6adf47\" data-element_type=\"widget\" data-e-type=\"widget\" data-widget_type=\"button.default\">\n\t\t\t\t<div class=\"elementor-widget-container\">\n\t\t\t\t\t\t\t\t\t<div class=\"elementor-button-wrapper\">\n\t\t\t\t\t<a class=\"elementor-button elementor-button-link elementor-size-sm\" href=\"https:\/\/maps.app.goo.gl\/kN4yoK2DutVsYzvV6\" target=\"_blank\" rel=\"nofollow noopener\">\n\t\t\t\t\t\t<span class=\"elementor-button-content-wrapper\">\n\t\t\t\t\t\t\t\t\t<span class=\"elementor-button-text\">Ch\u1ec9 \u0111\u01b0\u1eddng<\/span>\n\t\t\t\t\t<\/span>\n\t\t\t\t\t<\/a>\n\t\t\t\t<\/div>\n\t\t\t\t\t\t\t\t<\/div>\n\t\t\t\t<\/div>\n\t\t\t\t<\/div>\n\t\t\t\t\t<\/div>\n\t\t\t\t<\/div>\n\t\t\t\t<\/div>","protected":false},"excerpt":{"rendered":"<p>KHU V\u1ef0C TH\u00c0NH PH\u1ed0 \u0110\u00c0 L\u1ea0T CH\u1ea0M Ga \u0110\u00e0 L\u1ea1t: 27 Nguy\u1ec5n Tr\u00e3i, P. L\u00e2m Vi\u00ean, TP. \u0110\u00e0 L\u1ea1t Ch\u1ec9 \u0111\u01b0\u1eddng CH\u1ea0M Khu Ho\u00e0 B\u00ecnh: 8 Khu Ho\u00e0 B\u00ecnh, P. Xu\u00e2n H\u01b0\u01a1ng, TP. \u0110\u00e0 L\u1ea1t Ch\u1ec9 \u0111\u01b0\u1eddng CH\u1ea0M GO! \u0110\u00e0 L\u1ea1t: T\u1ea7ng tr\u1ec7t TTTM GO! \u0110\u00e0 L\u1ea1t, TP. \u0110\u00e0 L\u1ea1t Ch\u1ec9 \u0111\u01b0\u1eddng KHU V\u1ef0C TH\u00c0NH [&hellip;]<\/p>","protected":false},"author":1,"featured_media":0,"parent":0,"menu_order":0,"comment_status":"closed","ping_status":"closed","template":"","meta":{"_acf_changed":false,"footnotes":""},"class_list":["post-1424","page","type-page","status-publish","hentry"],"acf":[],"_links":{"self":[{"href":"https:\/\/chamdalat.vn\/en\/wp-json\/wp\/v2\/pages\/1424","targetHints":{"allow":["GET"]}}],"collection":[{"href":"https:\/\/chamdalat.vn\/en\/wp-json\/wp\/v2\/pages"}],"about":[{"href":"https:\/\/chamdalat.vn\/en\/wp-json\/wp\/v2\/types\/page"}],"author":[{"embeddable":true,"href":"https:\/\/chamdalat.vn\/en\/wp-json\/wp\/v2\/users\/1"}],"replies":[{"embeddable":true,"href":"https:\/\/chamdalat.vn\/en\/wp-json\/wp\/v2\/comments?post=1424"}],"version-history":[{"count":49,"href":"https:\/\/chamdalat.vn\/en\/wp-json\/wp\/v2\/pages\/1424\/revisions"}],"predecessor-version":[{"id":2666,"href":"https:\/\/chamdalat.vn\/en\/wp-json\/wp\/v2\/pages\/1424\/revisions\/2666"}],"wp:attachment":[{"href":"https:\/\/chamdalat.vn\/en\/wp-json\/wp\/v2\/media?parent=1424"}],"curies":[{"name":"wp","href":"https:\/\/api.w.org\/{rel}","templated":true}]}}